{"id":398,"date":"2022-04-04T13:13:38","date_gmt":"2022-04-04T11:13:38","guid":{"rendered":"https:\/\/reton.se\/startside\/"},"modified":"2022-05-11T15:42:42","modified_gmt":"2022-05-11T13:42:42","slug":"startside","status":"publish","type":"page","link":"https:\/\/reton.se\/da\/","title":{"rendered":"Startside"},"content":{"rendered":"\t\t<div data-elementor-type=\"wp-page\" data-elementor-id=\"398\" class=\"elementor elementor-398 elementor-170\" data-elementor-post-type=\"page\">\n\t\t\t\t\t\t<section class=\"elementor-section elementor-top-section elementor-element elementor-element-278e624d elementor-section-boxed elementor-section-height-default elementor-section-height-default\" data-id=\"278e624d\" data-element_type=\"section\" data-e-type=\"section\">\n\t\t\t\t\t\t<div class=\"elementor-container elementor-column-gap-default\">\n\t\t\t\t\t<div class=\"elementor-column elementor-col-100 elementor-top-column elementor-element elementor-element-24ffa3e4\" data-id=\"24ffa3e4\" data-element_type=\"column\" data-e-type=\"column\">\n\t\t\t<div class=\"elementor-widget-wrap elementor-element-populated\">\n\t\t\t\t\t\t<div class=\"elementor-element elementor-element-328cf80f elementor-widget elementor-widget-spacer\" data-id=\"328cf80f\" data-element_type=\"widget\" data-e-type=\"widget\" data-widget_type=\"spacer.default\">\n\t\t\t\t<div class=\"elementor-widget-container\">\n\t\t\t\t\t\t\t<div class=\"elementor-spacer\">\n\t\t\t<div class=\"elementor-spacer-inner\"><\/div>\n\t\t<\/div>\n\t\t\t\t\t\t<\/div>\n\t\t\t\t<\/div>\n\t\t\t\t<div class=\"elementor-element elementor-element-53809a58 elementor-widget elementor-widget-heading\" data-id=\"53809a58\" data-element_type=\"widget\" data-e-type=\"widget\" data-widget_type=\"heading.default\">\n\t\t\t\t<div class=\"elementor-widget-container\">\n\t\t\t\t\t<h2 class=\"elementor-heading-title elementor-size-default\">For et sundere indeklima<\/h2>\t\t\t\t<\/div>\n\t\t\t\t<\/div>\n\t\t\t\t<div class=\"elementor-element elementor-element-2e3549cc elementor-widget elementor-widget-text-editor\" data-id=\"2e3549cc\" data-element_type=\"widget\" data-e-type=\"widget\" data-widget_type=\"text-editor.default\">\n\t\t\t\t<div class=\"elementor-widget-container\">\n\t\t\t\t\t\t\t\t\t<h6>Hvorfor er der behov for ventilation?<\/h6>\n<p>Frisk luft er en af \u200b\u200bde vigtigste foruds\u00e6tninger for et godt og sundt liv. Luften i din bolig indeholder desv\u00e6rre forurenende stoffer, i forskellige m\u00e6ngder, alt efter \u00e5rstid og beliggenhed. Det er derfor vigtigt, at sikre du har tilstr\u00e6kkelig og konstant luftudskiftning i boligen, s\u00e5 luften er ren og frisk, at ind\u00e5nde.<\/p>\n<p>Vi bruger omkring 90% af vores tid indend\u00f8rs, derfor er et godt indeklima og en velfungerende ventilation ekstremt vigtigt.<\/p>\n<h6>L\u00f8sninger med Reton-serien<\/h6>\n<p>Vi har det bedre, bliver mere effektive og yder mere, hvis vi ind\u00e5nder ren luft. Vidste du, at en voksen har et dagligt forbrug om dagen p\u00e5 omkring 1 kg vand, 3 kg mad, men hele 30 kg luft. Det svarer til omkring 25.000 liter luft. Hver dag! <\/p>\n<p>Der er meget, vi selv kan g\u00f8re, for at forbedre vores indeklima. Reton-serien indeholder ventilationsprodukter, der er tilpasset vores nordiske klima og vores r\u00e5d til dig er, at du j\u00e6vnligt tjekker din ventilation for b\u00e5de dit og husets bedste.<\/p>\n<p><a href=\"https:\/\/volutiongroup.se\/app\/uploads\/sites\/4\/2022\/05\/990131-A_RETON_Ventilationsguide_Folder_SE_A4.pdf\" target=\"_blank\" rel=\"noopener\">L\u00e6s mere i Reton Ventilationsguide<\/a><\/p>\n\t\t\t\t\t\t\t\t<\/div>\n\t\t\t\t<\/div>\n\t\t\t\t<div class=\"elementor-element elementor-element-1f40811e elementor-widget elementor-widget-spacer\" data-id=\"1f40811e\" data-element_type=\"widget\" data-e-type=\"widget\" data-widget_type=\"spacer.default\">\n\t\t\t\t<div class=\"elementor-widget-container\">\n\t\t\t\t\t\t\t<div class=\"elementor-spacer\">\n\t\t\t<div class=\"elementor-spacer-inner\"><\/div>\n\t\t<\/div>\n\t\t\t\t\t\t<\/div>\n\t\t\t\t<\/div>\n\t\t\t\t\t<\/div>\n\t\t<\/div>\n\t\t\t\t\t<\/div>\n\t\t<\/section>\n\t\t\t\t<\/div>\n\t\t","protected":false},"excerpt":{"rendered":"<p>For et sundere indeklima Hvorfor er der behov for ventilation? Frisk luft er en af \u200b\u200bde vigtigste foruds\u00e6tninger for et godt og sundt liv. Luften i din bolig indeholder desv\u00e6rre forurenende stoffer, i forskellige m\u00e6ngder, alt efter \u00e5rstid og beliggenhed. Det er derfor vigtigt, at sikre du har tilstr\u00e6kkelig og konstant luftudskiftning i boligen, s\u00e5 [&hellip;]<\/p>\n","protected":false},"author":1,"featured_media":0,"parent":0,"menu_order":0,"comment_status":"closed","ping_status":"closed","template":"elementor_header_footer","meta":{"_acf_changed":false,"_exactmetrics_skip_tracking":false,"_exactmetrics_sitenote_active":false,"_exactmetrics_sitenote_note":"","_exactmetrics_sitenote_category":0,"footnotes":""},"class_list":["post-398","page","type-page","status-publish","hentry"],"acf":[],"_links":{"self":[{"href":"https:\/\/reton.se\/da\/wp-json\/wp\/v2\/pages\/398","targetHints":{"allow":["GET"]}}],"collection":[{"href":"https:\/\/reton.se\/da\/wp-json\/wp\/v2\/pages"}],"about":[{"href":"https:\/\/reton.se\/da\/wp-json\/wp\/v2\/types\/page"}],"author":[{"embeddable":true,"href":"https:\/\/reton.se\/da\/wp-json\/wp\/v2\/users\/1"}],"replies":[{"embeddable":true,"href":"https:\/\/reton.se\/da\/wp-json\/wp\/v2\/comments?post=398"}],"version-history":[{"count":6,"href":"https:\/\/reton.se\/da\/wp-json\/wp\/v2\/pages\/398\/revisions"}],"predecessor-version":[{"id":562,"href":"https:\/\/reton.se\/da\/wp-json\/wp\/v2\/pages\/398\/revisions\/562"}],"wp:attachment":[{"href":"https:\/\/reton.se\/da\/wp-json\/wp\/v2\/media?parent=398"}],"curies":[{"name":"wp","href":"https:\/\/api.w.org\/{rel}","templated":true}]}}