{"id":402,"date":"2022-04-04T13:17:18","date_gmt":"2022-04-04T11:17:18","guid":{"rendered":"https:\/\/reton.se\/sortiment\/"},"modified":"2024-09-03T11:37:08","modified_gmt":"2024-09-03T09:37:08","slug":"sortiment","status":"publish","type":"page","link":"https:\/\/reton.se\/da\/sortiment\/","title":{"rendered":"Sortiment"},"content":{"rendered":"\t\t<div data-elementor-type=\"wp-page\" data-elementor-id=\"402\" class=\"elementor elementor-402 elementor-158\" data-elementor-post-type=\"page\">\n\t\t\t\t\t\t<section class=\"elementor-section elementor-top-section elementor-element elementor-element-292058b9 elementor-section-boxed elementor-section-height-default elementor-section-height-default\" data-id=\"292058b9\" data-element_type=\"section\" data-e-type=\"section\">\n\t\t\t\t\t\t<div class=\"elementor-container elementor-column-gap-default\">\n\t\t\t\t\t<div class=\"elementor-column elementor-col-100 elementor-top-column elementor-element elementor-element-3c20e072\" data-id=\"3c20e072\" data-element_type=\"column\" data-e-type=\"column\">\n\t\t\t<div class=\"elementor-widget-wrap elementor-element-populated\">\n\t\t\t\t\t\t<div class=\"elementor-element elementor-element-300aba61 elementor-widget elementor-widget-spacer\" data-id=\"300aba61\" data-element_type=\"widget\" data-e-type=\"widget\" data-widget_type=\"spacer.default\">\n\t\t\t\t<div class=\"elementor-widget-container\">\n\t\t\t\t\t\t\t<div class=\"elementor-spacer\">\n\t\t\t<div class=\"elementor-spacer-inner\"><\/div>\n\t\t<\/div>\n\t\t\t\t\t\t<\/div>\n\t\t\t\t<\/div>\n\t\t\t\t<div class=\"elementor-element elementor-element-26400e6a elementor-widget elementor-widget-heading\" data-id=\"26400e6a\" data-element_type=\"widget\" data-e-type=\"widget\" data-widget_type=\"heading.default\">\n\t\t\t\t<div class=\"elementor-widget-container\">\n\t\t\t\t\t<h2 class=\"elementor-heading-title elementor-size-default\">Reton-serien<\/h2>\t\t\t\t<\/div>\n\t\t\t\t<\/div>\n\t\t\t\t<div class=\"elementor-element elementor-element-77f61edf elementor-widget elementor-widget-text-editor\" data-id=\"77f61edf\" data-element_type=\"widget\" data-e-type=\"widget\" data-widget_type=\"text-editor.default\">\n\t\t\t\t<div class=\"elementor-widget-container\">\n\t\t\t\t\t\t\t\t\t<p>Reton-serien indeholder ventilationsprodukter, der er tilpasset det nordiske klima. Med vores produkter kan du selv s\u00f8rge for en velfungerende ventilation i dit hjem. <\/p>\n<p>Sortimentet omfatter ventilatorer, friskluftsventiler, indbl\u00e6snings- og udsugningsventiler, riste og slanger.<\/p>\n<p><strong>Sundt indeklima i v\u00e5drum med ventilatorer <\/strong><br \/>Der er behov for god ventilation i badev\u00e6relser og v\u00e5drum, for effektivt<br \/>at forhindre fugtskader og skimmelsvamp.<\/p>\n<p><strong>Frisk luft i boligen med ventiler <\/strong><br \/>For at f\u00e5 en god boligventilation skal der frisk luft ind i boligen.<\/p>\n<p><strong>Indbl\u00e6snings- og udsugningsventiler samt riste<\/strong><br \/>Reton har b\u00e5de indbl\u00e6snings- og udsugningsventiler.<br \/>Som tilbeh\u00f8r findes der riste i forskellige materialer og former,<br \/>b\u00e5de til indvendig og udvendig brug.<\/p>\n<p><strong>Slanger<\/strong><br \/>Retons slangesortiment passer til flere forskellige opgaver.<\/p>\n<p><a href=\"https:\/\/volutiongroup.se\/app\/uploads\/sites\/4\/2023\/11\/008847-D_Reton_Sortiment_folder_web.pdf\" target=\"_blank\" rel=\"noopener\">Se hele vores sortiment her<\/a><\/p>\n\t\t\t\t\t\t\t\t<\/div>\n\t\t\t\t<\/div>\n\t\t\t\t<div class=\"elementor-element elementor-element-1ca856c6 elementor-widget elementor-widget-spacer\" data-id=\"1ca856c6\" data-element_type=\"widget\" data-e-type=\"widget\" data-widget_type=\"spacer.default\">\n\t\t\t\t<div class=\"elementor-widget-container\">\n\t\t\t\t\t\t\t<div class=\"elementor-spacer\">\n\t\t\t<div class=\"elementor-spacer-inner\"><\/div>\n\t\t<\/div>\n\t\t\t\t\t\t<\/div>\n\t\t\t\t<\/div>\n\t\t\t\t\t<\/div>\n\t\t<\/div>\n\t\t\t\t\t<\/div>\n\t\t<\/section>\n\t\t\t\t<\/div>\n\t\t","protected":false},"excerpt":{"rendered":"<p>Reton-serien Reton-serien indeholder ventilationsprodukter, der er tilpasset det nordiske klima. Med vores produkter kan du selv s\u00f8rge for en velfungerende ventilation i dit hjem. Sortimentet omfatter ventilatorer, friskluftsventiler, indbl\u00e6snings- og udsugningsventiler, riste og slanger. Sundt indeklima i v\u00e5drum med ventilatorer Der er behov for god ventilation i badev\u00e6relser og v\u00e5drum, for effektivtat forhindre fugtskader og [&hellip;]<\/p>\n","protected":false},"author":1,"featured_media":0,"parent":0,"menu_order":0,"comment_status":"closed","ping_status":"closed","template":"","meta":{"_acf_changed":false,"_exactmetrics_skip_tracking":false,"_exactmetrics_sitenote_active":false,"_exactmetrics_sitenote_note":"","_exactmetrics_sitenote_category":0,"footnotes":""},"class_list":["post-402","page","type-page","status-publish","hentry"],"acf":[],"_links":{"self":[{"href":"https:\/\/reton.se\/da\/wp-json\/wp\/v2\/pages\/402","targetHints":{"allow":["GET"]}}],"collection":[{"href":"https:\/\/reton.se\/da\/wp-json\/wp\/v2\/pages"}],"about":[{"href":"https:\/\/reton.se\/da\/wp-json\/wp\/v2\/types\/page"}],"author":[{"embeddable":true,"href":"https:\/\/reton.se\/da\/wp-json\/wp\/v2\/users\/1"}],"replies":[{"embeddable":true,"href":"https:\/\/reton.se\/da\/wp-json\/wp\/v2\/comments?post=402"}],"version-history":[{"count":8,"href":"https:\/\/reton.se\/da\/wp-json\/wp\/v2\/pages\/402\/revisions"}],"predecessor-version":[{"id":1555,"href":"https:\/\/reton.se\/da\/wp-json\/wp\/v2\/pages\/402\/revisions\/1555"}],"wp:attachment":[{"href":"https:\/\/reton.se\/da\/wp-json\/wp\/v2\/media?parent=402"}],"curies":[{"name":"wp","href":"https:\/\/api.w.org\/{rel}","templated":true}]}}