{"id":404,"date":"2022-04-04T13:20:00","date_gmt":"2022-04-04T11:20:00","guid":{"rendered":"https:\/\/reton.se\/om-os\/"},"modified":"2024-07-01T09:29:19","modified_gmt":"2024-07-01T07:29:19","slug":"om-os","status":"publish","type":"page","link":"https:\/\/reton.se\/da\/om-os\/","title":{"rendered":"Om os"},"content":{"rendered":"\t\t<div data-elementor-type=\"wp-page\" data-elementor-id=\"404\" class=\"elementor elementor-404 elementor-167\" data-elementor-post-type=\"page\">\n\t\t\t\t\t\t<section class=\"elementor-section elementor-top-section elementor-element elementor-element-7cb271f0 elementor-section-boxed elementor-section-height-default elementor-section-height-default\" data-id=\"7cb271f0\" data-element_type=\"section\" data-e-type=\"section\">\n\t\t\t\t\t\t<div class=\"elementor-container elementor-column-gap-default\">\n\t\t\t\t\t<div class=\"elementor-column elementor-col-100 elementor-top-column elementor-element elementor-element-69155ba9\" data-id=\"69155ba9\" data-element_type=\"column\" data-e-type=\"column\">\n\t\t\t<div class=\"elementor-widget-wrap elementor-element-populated\">\n\t\t\t\t\t\t<div class=\"elementor-element elementor-element-1e2d1e06 elementor-widget elementor-widget-spacer\" data-id=\"1e2d1e06\" data-element_type=\"widget\" data-e-type=\"widget\" data-widget_type=\"spacer.default\">\n\t\t\t\t<div class=\"elementor-widget-container\">\n\t\t\t\t\t\t\t<div class=\"elementor-spacer\">\n\t\t\t<div class=\"elementor-spacer-inner\"><\/div>\n\t\t<\/div>\n\t\t\t\t\t\t<\/div>\n\t\t\t\t<\/div>\n\t\t\t\t<div class=\"elementor-element elementor-element-7f0558c7 elementor-widget elementor-widget-heading\" data-id=\"7f0558c7\" data-element_type=\"widget\" data-e-type=\"widget\" data-widget_type=\"heading.default\">\n\t\t\t\t<div class=\"elementor-widget-container\">\n\t\t\t\t\t<h2 class=\"elementor-heading-title elementor-size-default\">Reton - et sundere indeklima<\/h2>\t\t\t\t<\/div>\n\t\t\t\t<\/div>\n\t\t\t\t<div class=\"elementor-element elementor-element-47016067 elementor-widget elementor-widget-text-editor\" data-id=\"47016067\" data-element_type=\"widget\" data-e-type=\"widget\" data-widget_type=\"text-editor.default\">\n\t\t\t\t<div class=\"elementor-widget-container\">\n\t\t\t\t\t\t\t\t\t<p><span data-contrast=\"auto\">Reton er et svensk varem\u00e6rke, der tilbyder ventilationsprodukter til et sundere indeklima i dit hjem.<\/span><span data-ccp-props=\"{\"> <\/span><\/p>\n<p><b><span data-contrast=\"auto\">Svenskfremstillet ventilation<\/span><\/b> <br \/><span data-contrast=\"auto\">Reton er grundlagt og stadig aktiv i Sm\u00e5land. Vores sortiment best\u00e5r af alt, hvad du skal bruge, for at f\u00e5 en velfungerende ventilation og et sundt indeklima i boligen. Fra effektive badev\u00e6relsesventilatorer til ventiler, der hj\u00e6lper dig med, at f\u00e5 frisk luft ind i boligen. <\/span><span data-ccp-props=\"{\"> <\/span><\/p>\n<p><span data-contrast=\"auto\">Alle skal have r\u00e5d til god ventilation og derfor tilbyder vi billige produkter af h\u00f8j kvalitet.<\/span><span data-ccp-props=\"{\"> <\/span><\/p>\n<p><b><span data-contrast=\"auto\">Volution Sweden AB<\/span><\/b> <br \/><span data-contrast=\"auto\">Reton er en del af en st\u00e6rk varem\u00e6rkeportef\u00f8lje tilh\u00f8rende Volution Sweden AB, Nordens f\u00f8rende producent af ventilationsprodukter. Volution Sweden AB har en geografisk spredning i Europa, Asien samt Nord- og Sydamerika. Vores hovedkontor ligger i V\u00e4xj\u00f6.<\/span><span data-ccp-props=\"{\"> <\/span><\/p>\n\t\t\t\t\t\t\t\t<\/div>\n\t\t\t\t<\/div>\n\t\t\t\t\t<\/div>\n\t\t<\/div>\n\t\t\t\t\t<\/div>\n\t\t<\/section>\n\t\t\t\t<section class=\"elementor-section elementor-top-section elementor-element elementor-element-fed20ee elementor-section-boxed elementor-section-height-default elementor-section-height-default\" data-id=\"fed20ee\" data-element_type=\"section\" data-e-type=\"section\">\n\t\t\t\t\t\t<div class=\"elementor-container elementor-column-gap-default\">\n\t\t\t\t\t<div class=\"elementor-column elementor-col-100 elementor-top-column elementor-element elementor-element-035d4ff\" data-id=\"035d4ff\" data-element_type=\"column\" data-e-type=\"column\">\n\t\t\t<div class=\"elementor-widget-wrap elementor-element-populated\">\n\t\t\t\t\t\t<div class=\"elementor-element elementor-element-e6d827f elementor-widget-divider--view-line elementor-widget elementor-widget-divider\" data-id=\"e6d827f\" data-element_type=\"widget\" data-e-type=\"widget\" data-widget_type=\"divider.default\">\n\t\t\t\t<div class=\"elementor-widget-container\">\n\t\t\t\t\t\t\t<div class=\"elementor-divider\">\n\t\t\t<span class=\"elementor-divider-separator\">\n\t\t\t\t\t\t<\/span>\n\t\t<\/div>\n\t\t\t\t\t\t<\/div>\n\t\t\t\t<\/div>\n\t\t\t\t<div class=\"elementor-element elementor-element-9e6fffb elementor-widget elementor-widget-text-editor\" data-id=\"9e6fffb\" data-element_type=\"widget\" data-e-type=\"widget\" data-widget_type=\"text-editor.default\">\n\t\t\t\t<div class=\"elementor-widget-container\">\n\t\t\t\t\t\t\t\t\t<p><strong>Whistleblowing<\/strong> <\/p>\n<p>En ekstern person, som med rimelig grund mener, at upassende forretningsadf\u00e6rd eller en overtr\u00e6delse af loven finder sted eller har fundet sted, b\u00f8r indledningsvis rejse sp\u00f8rgsm\u00e5let skriftligt med sin kontaktperson hos Volution. En ekstern person har dog ogs\u00e5 mulighed for at rapportere bekymringer anonymt gennem Volution Speak Up-kanalen &#8211; med henvisning til &#8220;Volution&#8221;.<\/p>\n<p>Volution Speak Up-kanalen findes i <a href=\"https:\/\/www.volutiongroupplc.com\/sustainability\/policies\/\"><strong>Volution Group Code of Conduct &amp; Whistleblowing policy<\/strong><\/a><\/p>\n\t\t\t\t\t\t\t\t<\/div>\n\t\t\t\t<\/div>\n\t\t\t\t<section class=\"elementor-section elementor-inner-section elementor-element elementor-element-33cd92a elementor-section-boxed elementor-section-height-default elementor-section-height-default\" data-id=\"33cd92a\" data-element_type=\"section\" data-e-type=\"section\">\n\t\t\t\t\t\t<div class=\"elementor-container elementor-column-gap-default\">\n\t\t\t\t\t<div class=\"elementor-column elementor-col-50 elementor-inner-column elementor-element elementor-element-0f10218\" data-id=\"0f10218\" data-element_type=\"column\" data-e-type=\"column\">\n\t\t\t<div class=\"elementor-widget-wrap\">\n\t\t\t\t\t\t\t<\/div>\n\t\t<\/div>\n\t\t\t\t<div class=\"elementor-column elementor-col-50 elementor-inner-column elementor-element elementor-element-6f82b57\" data-id=\"6f82b57\" data-element_type=\"column\" data-e-type=\"column\">\n\t\t\t<div class=\"elementor-widget-wrap\">\n\t\t\t\t\t\t\t<\/div>\n\t\t<\/div>\n\t\t\t\t\t<\/div>\n\t\t<\/section>\n\t\t\t\t\t<\/div>\n\t\t<\/div>\n\t\t\t\t\t<\/div>\n\t\t<\/section>\n\t\t\t\t<section class=\"elementor-section elementor-top-section elementor-element elementor-element-72de4c5 elementor-section-boxed elementor-section-height-default elementor-section-height-default\" data-id=\"72de4c5\" data-element_type=\"section\" data-e-type=\"section\">\n\t\t\t\t\t\t<div class=\"elementor-container elementor-column-gap-default\">\n\t\t\t\t\t<div class=\"elementor-column elementor-col-100 elementor-top-column elementor-element elementor-element-2f45d98\" data-id=\"2f45d98\" data-element_type=\"column\" data-e-type=\"column\">\n\t\t\t<div class=\"elementor-widget-wrap elementor-element-populated\">\n\t\t\t\t\t\t<div class=\"elementor-element elementor-element-eb065f6 elementor-widget-divider--view-line elementor-widget elementor-widget-divider\" data-id=\"eb065f6\" data-element_type=\"widget\" data-e-type=\"widget\" data-widget_type=\"divider.default\">\n\t\t\t\t<div class=\"elementor-widget-container\">\n\t\t\t\t\t\t\t<div class=\"elementor-divider\">\n\t\t\t<span class=\"elementor-divider-separator\">\n\t\t\t\t\t\t<\/span>\n\t\t<\/div>\n\t\t\t\t\t\t<\/div>\n\t\t\t\t<\/div>\n\t\t\t\t<div class=\"elementor-element elementor-element-036eb18 elementor-widget elementor-widget-text-editor\" data-id=\"036eb18\" data-element_type=\"widget\" data-e-type=\"widget\" data-widget_type=\"text-editor.default\">\n\t\t\t\t<div class=\"elementor-widget-container\">\n\t\t\t\t\t\t\t\t\t<p><strong>Garanti &#8211; vi har fuld tillid til vores h\u00f8je kvalitet<\/strong><\/p>\n<p>Reton stiller h\u00f8je krav og har fuld tillid til vores kvalitet. Ved at give garantier sikrer vi, at du som kunde kan f\u00f8le dig tryg ved og stole p\u00e5 vores produkters kvalitet og holdbarhed. For at leve op til Retons h\u00f8je standarder kvalitetskontrolleres vores produkter og gennemg\u00e5r omhyggelige tests, f\u00f8r de forlader vores produktion.<\/p>\n<p><strong>Garantibetingelser<\/strong><\/p>\n<p>S\u00e6lger er ansvarlig for fejl ved produktet, der viser sig inden for 2 \u00e5r fra levering af produktet, medmindre andet fremg\u00e5r af de angivne garantibetingelser. Visse produkter har en udvidet garanti, hvilket fremg\u00e5r af det respektive produkt. Garantien er en s\u00e5kaldt produktgaranti og d\u00e6kker udelukkende det p\u00e5g\u00e6ldende produkt.<\/p>\n<p>S\u00e6lger er ikke ansvarlig for noget, der skyldes forkert montering eller installation, manglende vedligeholdelse, forkert pleje, misligholdelse, unormal brug eller andet, der kan henf\u00f8res til k\u00f8ber (se manual). Reparationer, der udf\u00f8res uden s\u00e6lgers samtykke i garantiperioden, d\u00e6kkes ikke af garantien.<\/p>\n<p>S\u00e6lgers ansvar omfatter heller ikke normal slitage eller forringelse. K\u00f8ber er forpligtet til at f\u00f8lge op p\u00e5 og dokumentere aftalte vedligeholdelses- og plejeforanstaltninger.<\/p>\n<p>For fejl ved produktet, der viser sig efter de angivne tidspunkter, er s\u00e6lger kun ansvarlig, hvis fejlen er v\u00e6sentlig og viser sig at skyldes sk\u00f8desl\u00f8shed fra s\u00e6lgers side. For det angivne ansvar g\u00e6lder den generelle lovpligtige for\u00e6ldelsesfrist fra datoen for levering af produktet. Et produkt, der er reklameret over, skal stilles til r\u00e5dighed for s\u00e6lgers unders\u00f8gelse. S\u00e5fremt k\u00f8ber reklamerer, og det viser sig, at der ikke er nogen fejl, som s\u00e6lger er ansvarlig for, og s\u00e5fremt k\u00f8ber burde have indset dette, har s\u00e6lger ret til en rimelig erstatning for afholdte omkostninger.<\/p>\n<p>S\u00e6lger skal uden ugrundet ophold efter reklamation, uden omkostninger for k\u00f8ber, afhj\u00e6lpe fejlen gennem et erstatningsprodukt. S\u00e6lger er ikke ansvarlig for fejl eller skader ud over det, der foreskrives i ovenst\u00e5ende punkter. Dette g\u00e6lder ethvert tab, som fejlen eller skaden kan for\u00e5rsage, som f.eks. produktionstab, tab af fortjeneste og andre \u00f8konomiske f\u00f8lgeskader.<\/p>\n<p>Alle reklamationer skal ske p\u00e5 k\u00f8bsstedet mod fremvisning af kvittering.<\/p>\n<p>Med garantierne menes s\u00e6lgers garantier; andre parter i salgsleddet kan yde mere omfattende garantier. S\u00e5danne udvidede garantier skal derfor henvises til den udstedende part.<\/p>\n<p>Vi tager forbehold for trykfejl og forbeholder os retten til at foretage materiale- og konstruktions\u00e6ndringer.<\/p>\n<p>GARANTIVILLKOR g\u00e6lder fra den 25. april 2024<\/p>\n\t\t\t\t\t\t\t\t<\/div>\n\t\t\t\t<\/div>\n\t\t\t\t<section class=\"elementor-section elementor-inner-section elementor-element elementor-element-e6d1481 elementor-section-boxed elementor-section-height-default elementor-section-height-default\" data-id=\"e6d1481\" data-element_type=\"section\" data-e-type=\"section\">\n\t\t\t\t\t\t<div class=\"elementor-container elementor-column-gap-default\">\n\t\t\t\t\t<div class=\"elementor-column elementor-col-50 elementor-inner-column elementor-element elementor-element-ac40f89\" data-id=\"ac40f89\" data-element_type=\"column\" data-e-type=\"column\">\n\t\t\t<div class=\"elementor-widget-wrap\">\n\t\t\t\t\t\t\t<\/div>\n\t\t<\/div>\n\t\t\t\t<div class=\"elementor-column elementor-col-50 elementor-inner-column elementor-element elementor-element-09e5d08\" data-id=\"09e5d08\" data-element_type=\"column\" data-e-type=\"column\">\n\t\t\t<div class=\"elementor-widget-wrap\">\n\t\t\t\t\t\t\t<\/div>\n\t\t<\/div>\n\t\t\t\t\t<\/div>\n\t\t<\/section>\n\t\t\t\t\t<\/div>\n\t\t<\/div>\n\t\t\t\t\t<\/div>\n\t\t<\/section>\n\t\t\t\t<\/div>\n\t\t","protected":false},"excerpt":{"rendered":"<p>Reton &#8211; et sundere indeklima Reton er et svensk varem\u00e6rke, der tilbyder ventilationsprodukter til et sundere indeklima i dit hjem. Svenskfremstillet ventilation Reton er grundlagt og stadig aktiv i Sm\u00e5land. Vores sortiment best\u00e5r af alt, hvad du skal bruge, for at f\u00e5 en velfungerende ventilation og et sundt indeklima i boligen. Fra effektive badev\u00e6relsesventilatorer til [&hellip;]<\/p>\n","protected":false},"author":1,"featured_media":0,"parent":0,"menu_order":0,"comment_status":"closed","ping_status":"closed","template":"elementor_header_footer","meta":{"_acf_changed":false,"_exactmetrics_skip_tracking":false,"_exactmetrics_sitenote_active":false,"_exactmetrics_sitenote_note":"","_exactmetrics_sitenote_category":0,"footnotes":""},"class_list":["post-404","page","type-page","status-publish","hentry"],"acf":[],"_links":{"self":[{"href":"https:\/\/reton.se\/da\/wp-json\/wp\/v2\/pages\/404","targetHints":{"allow":["GET"]}}],"collection":[{"href":"https:\/\/reton.se\/da\/wp-json\/wp\/v2\/pages"}],"about":[{"href":"https:\/\/reton.se\/da\/wp-json\/wp\/v2\/types\/page"}],"author":[{"embeddable":true,"href":"https:\/\/reton.se\/da\/wp-json\/wp\/v2\/users\/1"}],"replies":[{"embeddable":true,"href":"https:\/\/reton.se\/da\/wp-json\/wp\/v2\/comments?post=404"}],"version-history":[{"count":10,"href":"https:\/\/reton.se\/da\/wp-json\/wp\/v2\/pages\/404\/revisions"}],"predecessor-version":[{"id":1450,"href":"https:\/\/reton.se\/da\/wp-json\/wp\/v2\/pages\/404\/revisions\/1450"}],"wp:attachment":[{"href":"https:\/\/reton.se\/da\/wp-json\/wp\/v2\/media?parent=404"}],"curies":[{"name":"wp","href":"https:\/\/api.w.org\/{rel}","templated":true}]}}