{"id":406,"date":"2022-04-04T13:22:46","date_gmt":"2022-04-04T11:22:46","guid":{"rendered":"https:\/\/reton.se\/cookies\/"},"modified":"2022-04-04T13:22:47","modified_gmt":"2022-04-04T11:22:47","slug":"cookies","status":"publish","type":"page","link":"https:\/\/reton.se\/da\/cookies\/","title":{"rendered":"Cookies"},"content":{"rendered":"\t\t<div data-elementor-type=\"wp-page\" data-elementor-id=\"406\" class=\"elementor elementor-406 elementor-161\" data-elementor-post-type=\"page\">\n\t\t\t\t\t\t<section class=\"elementor-section elementor-top-section elementor-element elementor-element-292d2157 elementor-section-boxed elementor-section-height-default elementor-section-height-default\" data-id=\"292d2157\" data-element_type=\"section\" data-e-type=\"section\">\n\t\t\t\t\t\t<div class=\"elementor-container elementor-column-gap-default\">\n\t\t\t\t\t<div class=\"elementor-column elementor-col-100 elementor-top-column elementor-element elementor-element-7a3e5c25\" data-id=\"7a3e5c25\" data-element_type=\"column\" data-e-type=\"column\">\n\t\t\t<div class=\"elementor-widget-wrap elementor-element-populated\">\n\t\t\t\t\t\t<div class=\"elementor-element elementor-element-5e314219 elementor-widget elementor-widget-spacer\" data-id=\"5e314219\" data-element_type=\"widget\" data-e-type=\"widget\" data-widget_type=\"spacer.default\">\n\t\t\t\t<div class=\"elementor-widget-container\">\n\t\t\t\t\t\t\t<div class=\"elementor-spacer\">\n\t\t\t<div class=\"elementor-spacer-inner\"><\/div>\n\t\t<\/div>\n\t\t\t\t\t\t<\/div>\n\t\t\t\t<\/div>\n\t\t\t\t<div class=\"elementor-element elementor-element-44211aa8 elementor-widget elementor-widget-heading\" data-id=\"44211aa8\" data-element_type=\"widget\" data-e-type=\"widget\" data-widget_type=\"heading.default\">\n\t\t\t\t<div class=\"elementor-widget-container\">\n\t\t\t\t\t<h2 class=\"elementor-heading-title elementor-size-default\">Cookies<\/h2>\t\t\t\t<\/div>\n\t\t\t\t<\/div>\n\t\t\t\t<div class=\"elementor-element elementor-element-62f8b658 elementor-widget elementor-widget-text-editor\" data-id=\"62f8b658\" data-element_type=\"widget\" data-e-type=\"widget\" data-widget_type=\"text-editor.default\">\n\t\t\t\t<div class=\"elementor-widget-container\">\n\t\t\t\t\t\t\t\t\t<h5>Denne hjemmeside indeholder cookies<\/h5>\n<p>Denne hjemmeside indeholder cookies. Vi gemmer ikke personlige oplysninger via cookies, og oplysningerne om dig som bes\u00f8gende kan ikke spores af os via cookies. Hjemmesiden bruger en s\u00e5kaldt session-cookie: ASP.NET_SessionId. Cookien bruges til at administrere adgangskodebeskyttede sider.   <\/p>\n<p><strong>Information om cookies<\/strong><\/p>\n<p>En cookie er en lille tekstfil, der sendes fra vores webserver, og som gemmes af din browser. Der er to typer cookies, &#8220;almindelige&#8221; cookies og session cookies. Sessionscookies forsvinder, n\u00e5r du lukker din browser og bliver derfor ikke gemt, mens almindelige cookies gemmes p\u00e5 din computer i l\u00e6ngere tid.<\/p>\n<p><strong>P\u00e5 denne m\u00e5de kan du undg\u00e5 cookies<\/strong><\/p>\n<p>Hvis du ikke \u00f8nsker at acceptere cookies, kan din browser indstilles, s\u00e5 du automatisk n\u00e6gter at gemme cookies eller bliver informeret hver gang en hjemmeside anmoder om at gemme en cookie. Tidligere gemte cookies kan ogs\u00e5 slettes via browseren. Se browserens hj\u00e6lpesider for mere information. Du kan ogs\u00e5 til enhver tid slette cookies manuelt fra din harddisk. Hvis du v\u00e6lger, ikke at acceptere cookies, kan visse funktioner stadig bruges, men det kan begr\u00e6nse funktionaliteten af \u200b\u200bvisse websteder.<\/p>\n\t\t\t\t\t\t\t\t<\/div>\n\t\t\t\t<\/div>\n\t\t\t\t\t<\/div>\n\t\t<\/div>\n\t\t\t\t\t<\/div>\n\t\t<\/section>\n\t\t\t\t<section class=\"elementor-section elementor-top-section elementor-element elementor-element-df33684 elementor-section-boxed elementor-section-height-default elementor-section-height-default\" data-id=\"df33684\" data-element_type=\"section\" data-e-type=\"section\">\n\t\t\t\t\t\t<div class=\"elementor-container elementor-column-gap-default\">\n\t\t\t\t\t<div class=\"elementor-column elementor-col-100 elementor-top-column elementor-element elementor-element-4854a3d\" data-id=\"4854a3d\" data-element_type=\"column\" data-e-type=\"column\">\n\t\t\t<div class=\"elementor-widget-wrap elementor-element-populated\">\n\t\t\t\t\t\t<div class=\"elementor-element elementor-element-8e11ce5 elementor-widget elementor-widget-spacer\" data-id=\"8e11ce5\" data-element_type=\"widget\" data-e-type=\"widget\" data-widget_type=\"spacer.default\">\n\t\t\t\t<div class=\"elementor-widget-container\">\n\t\t\t\t\t\t\t<div class=\"elementor-spacer\">\n\t\t\t<div class=\"elementor-spacer-inner\"><\/div>\n\t\t<\/div>\n\t\t\t\t\t\t<\/div>\n\t\t\t\t<\/div>\n\t\t\t\t\t<\/div>\n\t\t<\/div>\n\t\t\t\t\t<\/div>\n\t\t<\/section>\n\t\t\t\t<\/div>\n\t\t","protected":false},"excerpt":{"rendered":"<p>Cookies Denne hjemmeside indeholder cookies Denne hjemmeside indeholder cookies. Vi gemmer ikke personlige oplysninger via cookies, og oplysningerne om dig som bes\u00f8gende kan ikke spores af os via cookies. Hjemmesiden bruger en s\u00e5kaldt session-cookie: ASP.NET_SessionId. Cookien bruges til at administrere adgangskodebeskyttede sider. Information om cookies En cookie er en lille tekstfil, der sendes fra vores [&hellip;]<\/p>\n","protected":false},"author":1,"featured_media":0,"parent":0,"menu_order":0,"comment_status":"closed","ping_status":"closed","template":"","meta":{"_acf_changed":false,"_exactmetrics_skip_tracking":false,"_exactmetrics_sitenote_active":false,"_exactmetrics_sitenote_note":"","_exactmetrics_sitenote_category":0,"footnotes":""},"class_list":["post-406","page","type-page","status-publish","hentry"],"acf":[],"_links":{"self":[{"href":"https:\/\/reton.se\/da\/wp-json\/wp\/v2\/pages\/406","targetHints":{"allow":["GET"]}}],"collection":[{"href":"https:\/\/reton.se\/da\/wp-json\/wp\/v2\/pages"}],"about":[{"href":"https:\/\/reton.se\/da\/wp-json\/wp\/v2\/types\/page"}],"author":[{"embeddable":true,"href":"https:\/\/reton.se\/da\/wp-json\/wp\/v2\/users\/1"}],"replies":[{"embeddable":true,"href":"https:\/\/reton.se\/da\/wp-json\/wp\/v2\/comments?post=406"}],"version-history":[{"count":1,"href":"https:\/\/reton.se\/da\/wp-json\/wp\/v2\/pages\/406\/revisions"}],"predecessor-version":[{"id":407,"href":"https:\/\/reton.se\/da\/wp-json\/wp\/v2\/pages\/406\/revisions\/407"}],"wp:attachment":[{"href":"https:\/\/reton.se\/da\/wp-json\/wp\/v2\/media?parent=406"}],"curies":[{"name":"wp","href":"https:\/\/api.w.org\/{rel}","templated":true}]}}