{"id":435,"date":"2022-04-08T10:07:42","date_gmt":"2022-04-08T08:07:42","guid":{"rendered":"https:\/\/reton.se\/aloitussivu\/"},"modified":"2022-05-11T15:57:17","modified_gmt":"2022-05-11T13:57:17","slug":"aloitussivu","status":"publish","type":"page","link":"https:\/\/reton.se\/fi\/","title":{"rendered":"Aloitussivu"},"content":{"rendered":"\t\t<div data-elementor-type=\"wp-page\" data-elementor-id=\"435\" class=\"elementor elementor-435 elementor-170\" data-elementor-post-type=\"page\">\n\t\t\t\t\t\t<section class=\"elementor-section elementor-top-section elementor-element elementor-element-278e624d elementor-section-boxed elementor-section-height-default elementor-section-height-default\" data-id=\"278e624d\" data-element_type=\"section\" data-e-type=\"section\">\n\t\t\t\t\t\t<div class=\"elementor-container elementor-column-gap-default\">\n\t\t\t\t\t<div class=\"elementor-column elementor-col-100 elementor-top-column elementor-element elementor-element-24ffa3e4\" data-id=\"24ffa3e4\" data-element_type=\"column\" data-e-type=\"column\">\n\t\t\t<div class=\"elementor-widget-wrap elementor-element-populated\">\n\t\t\t\t\t\t<div class=\"elementor-element elementor-element-328cf80f elementor-widget elementor-widget-spacer\" data-id=\"328cf80f\" data-element_type=\"widget\" data-e-type=\"widget\" data-widget_type=\"spacer.default\">\n\t\t\t\t<div class=\"elementor-widget-container\">\n\t\t\t\t\t\t\t<div class=\"elementor-spacer\">\n\t\t\t<div class=\"elementor-spacer-inner\"><\/div>\n\t\t<\/div>\n\t\t\t\t\t\t<\/div>\n\t\t\t\t<\/div>\n\t\t\t\t<div class=\"elementor-element elementor-element-53809a58 elementor-widget elementor-widget-heading\" data-id=\"53809a58\" data-element_type=\"widget\" data-e-type=\"widget\" data-widget_type=\"heading.default\">\n\t\t\t\t<div class=\"elementor-widget-container\">\n\t\t\t\t\t<h2 class=\"elementor-heading-title elementor-size-default\">Sis\u00e4ilma terveellisemm\u00e4ksi<\/h2>\t\t\t\t<\/div>\n\t\t\t\t<\/div>\n\t\t\t\t<div class=\"elementor-element elementor-element-2e3549cc elementor-widget elementor-widget-text-editor\" data-id=\"2e3549cc\" data-element_type=\"widget\" data-e-type=\"widget\" data-widget_type=\"text-editor.default\">\n\t\t\t\t<div class=\"elementor-widget-container\">\n\t\t\t\t\t\t\t\t\t<h6>Miksi ilmanvaihtoa tarvitaan?<\/h6>\n<p>Raikas ja puhdas ilma on yksi hyv\u00e4n ja terveen el\u00e4m\u00e4n t\u00e4rkeimmist\u00e4 edellytyksist\u00e4. Valitettavasti hengitt\u00e4m\u00e4mme ilma sis\u00e4lt\u00e4\u00e4 ep\u00e4puhtauksia, eri m\u00e4\u00e4ri\u00e4 vuodenajasta ja sijainnista riippuen. Siksi on t\u00e4rke\u00e4\u00e4 varmistaa, ett\u00e4 kodissasi on riitt\u00e4v\u00e4 ja jatkuva ilmanvaihto, jotta sis\u00e4ilmasi on puhdasta ja raikasta hengitt\u00e4\u00e4.  <\/p>\n<p>Viet\u00e4mme noin 90 % ajastamme sis\u00e4tiloissa, joten hyv\u00e4 sis\u00e4ilma on \u00e4\u00e4rimm\u00e4isen t\u00e4rke\u00e4\u00e4. Hyvin toimiva ilmanvaihto on t\u00e4rke\u00e4\u00e4 my\u00f6s rakennuksen kannalta.<\/p>\n<h6>Reton-valikoimasta l\u00f6ytyy ratkaisu<\/h6>\n<p>Kun hengit\u00e4mme puhdasta ilmaa, tunnemme olomme paremmaksi, energiseksi ja tehokkaaksi. Tiesitk\u00f6, ett\u00e4 aikuinen kuluttaa p\u00e4ivitt\u00e4in noin 1 kg vett\u00e4, 3 kg ruokaa, mutta t\u00e4ydet 30 kg ilmaa. T\u00e4m\u00e4 vastaa noin 25 000 litraa ilmaa. Joka p\u00e4iv\u00e4! <\/p>\n<p>Voimme itse tehd\u00e4 paljon parantaaksemme kotimme sis\u00e4ilmaa. Reton-valikoima sis\u00e4lt\u00e4\u00e4 pohjoismaiseen ilmastoomme suunniteltuja tuotteita ilmanvaihdon parantamiseksi. Suosittelemme, ett\u00e4 tarkistat ilmanvaihdon riitt\u00e4vyyden s\u00e4\u00e4nn\u00f6llisesti sek\u00e4 perheesi ett\u00e4 talosi parhaaksi. <\/p>\n<p><a href=\"https:\/\/volutiongroup.se\/app\/uploads\/sites\/4\/2022\/05\/990131-A_RETON_Ventilationsguide_Folder_SE_A4.pdf\" target=\"_blank\" rel=\"noopener\">Lue lis\u00e4\u00e4 Reton ilmanvaihto-oppaasta.<\/a><\/p>\n\t\t\t\t\t\t\t\t<\/div>\n\t\t\t\t<\/div>\n\t\t\t\t<div class=\"elementor-element elementor-element-1f40811e elementor-widget elementor-widget-spacer\" data-id=\"1f40811e\" data-element_type=\"widget\" data-e-type=\"widget\" data-widget_type=\"spacer.default\">\n\t\t\t\t<div class=\"elementor-widget-container\">\n\t\t\t\t\t\t\t<div class=\"elementor-spacer\">\n\t\t\t<div class=\"elementor-spacer-inner\"><\/div>\n\t\t<\/div>\n\t\t\t\t\t\t<\/div>\n\t\t\t\t<\/div>\n\t\t\t\t\t<\/div>\n\t\t<\/div>\n\t\t\t\t\t<\/div>\n\t\t<\/section>\n\t\t\t\t<\/div>\n\t\t","protected":false},"excerpt":{"rendered":"<p>Sis\u00e4ilma terveellisemm\u00e4ksi Miksi ilmanvaihtoa tarvitaan? Raikas ja puhdas ilma on yksi hyv\u00e4n ja terveen el\u00e4m\u00e4n t\u00e4rkeimmist\u00e4 edellytyksist\u00e4. Valitettavasti hengitt\u00e4m\u00e4mme ilma sis\u00e4lt\u00e4\u00e4 ep\u00e4puhtauksia, eri m\u00e4\u00e4ri\u00e4 vuodenajasta ja sijainnista riippuen. Siksi on t\u00e4rke\u00e4\u00e4 varmistaa, ett\u00e4 kodissasi on riitt\u00e4v\u00e4 ja jatkuva ilmanvaihto, jotta sis\u00e4ilmasi on puhdasta ja raikasta hengitt\u00e4\u00e4. Viet\u00e4mme noin 90 % ajastamme sis\u00e4tiloissa, joten hyv\u00e4 sis\u00e4ilma [&hellip;]<\/p>\n","protected":false},"author":1,"featured_media":0,"parent":0,"menu_order":0,"comment_status":"closed","ping_status":"closed","template":"elementor_header_footer","meta":{"_acf_changed":false,"_exactmetrics_skip_tracking":false,"_exactmetrics_sitenote_active":false,"_exactmetrics_sitenote_note":"","_exactmetrics_sitenote_category":0,"footnotes":""},"class_list":["post-435","page","type-page","status-publish","hentry"],"acf":[],"_links":{"self":[{"href":"https:\/\/reton.se\/fi\/wp-json\/wp\/v2\/pages\/435","targetHints":{"allow":["GET"]}}],"collection":[{"href":"https:\/\/reton.se\/fi\/wp-json\/wp\/v2\/pages"}],"about":[{"href":"https:\/\/reton.se\/fi\/wp-json\/wp\/v2\/types\/page"}],"author":[{"embeddable":true,"href":"https:\/\/reton.se\/fi\/wp-json\/wp\/v2\/users\/1"}],"replies":[{"embeddable":true,"href":"https:\/\/reton.se\/fi\/wp-json\/wp\/v2\/comments?post=435"}],"version-history":[{"count":8,"href":"https:\/\/reton.se\/fi\/wp-json\/wp\/v2\/pages\/435\/revisions"}],"predecessor-version":[{"id":571,"href":"https:\/\/reton.se\/fi\/wp-json\/wp\/v2\/pages\/435\/revisions\/571"}],"wp:attachment":[{"href":"https:\/\/reton.se\/fi\/wp-json\/wp\/v2\/media?parent=435"}],"curies":[{"name":"wp","href":"https:\/\/api.w.org\/{rel}","templated":true}]}}