{"id":453,"date":"2022-04-08T10:13:04","date_gmt":"2022-04-08T08:13:04","guid":{"rendered":"https:\/\/reton.se\/valikoima\/"},"modified":"2024-09-03T11:37:08","modified_gmt":"2024-09-03T09:37:08","slug":"valikoima","status":"publish","type":"page","link":"https:\/\/reton.se\/fi\/valikoima\/","title":{"rendered":"Valikoima"},"content":{"rendered":"\t\t<div data-elementor-type=\"wp-page\" data-elementor-id=\"453\" class=\"elementor elementor-453 elementor-158\" data-elementor-post-type=\"page\">\n\t\t\t\t\t\t<section class=\"elementor-section elementor-top-section elementor-element elementor-element-292058b9 elementor-section-boxed elementor-section-height-default elementor-section-height-default\" data-id=\"292058b9\" data-element_type=\"section\" data-e-type=\"section\">\n\t\t\t\t\t\t<div class=\"elementor-container elementor-column-gap-default\">\n\t\t\t\t\t<div class=\"elementor-column elementor-col-100 elementor-top-column elementor-element elementor-element-3c20e072\" data-id=\"3c20e072\" data-element_type=\"column\" data-e-type=\"column\">\n\t\t\t<div class=\"elementor-widget-wrap elementor-element-populated\">\n\t\t\t\t\t\t<div class=\"elementor-element elementor-element-300aba61 elementor-widget elementor-widget-spacer\" data-id=\"300aba61\" data-element_type=\"widget\" data-e-type=\"widget\" data-widget_type=\"spacer.default\">\n\t\t\t\t<div class=\"elementor-widget-container\">\n\t\t\t\t\t\t\t<div class=\"elementor-spacer\">\n\t\t\t<div class=\"elementor-spacer-inner\"><\/div>\n\t\t<\/div>\n\t\t\t\t\t\t<\/div>\n\t\t\t\t<\/div>\n\t\t\t\t<div class=\"elementor-element elementor-element-26400e6a elementor-widget elementor-widget-heading\" data-id=\"26400e6a\" data-element_type=\"widget\" data-e-type=\"widget\" data-widget_type=\"heading.default\">\n\t\t\t\t<div class=\"elementor-widget-container\">\n\t\t\t\t\t<h2 class=\"elementor-heading-title elementor-size-default\">Reton tuotevalikoima<\/h2>\t\t\t\t<\/div>\n\t\t\t\t<\/div>\n\t\t\t\t<div class=\"elementor-element elementor-element-77f61edf elementor-widget elementor-widget-text-editor\" data-id=\"77f61edf\" data-element_type=\"widget\" data-e-type=\"widget\" data-widget_type=\"text-editor.default\">\n\t\t\t\t<div class=\"elementor-widget-container\">\n\t\t\t\t\t\t\t\t\t<p>Reton-sarjaan kuuluu ilmanvaihtotuotteita, jotka on suunniteltu pohjoismaiseen ilmastoomme. Tuotteillamme saat kotiisi hyv\u00e4n ja luotettavasti toimivan ilmanvaihdon. <\/p>\n<p>Valikoima sis\u00e4lt\u00e4\u00e4 puhaltimet, korvausilmaventtiilit, tuuletusaukot, s\u00e4leik\u00f6t ja kanavat.<\/p>\n<p><strong>Kosteuden poistaminen kylpyhuonepuhaltimilla <\/strong><br \/>Hyv\u00e4 ilmanvaihto on v\u00e4ltt\u00e4m\u00e4t\u00f6nt\u00e4 kylpyhuoneissa ja muissa kosteissa tiloissa, jos haluat v\u00e4ltt\u00e4\u00e4 kosteuden aiheuttamat haitat,<br \/>kuten homeen muodostumisen rakenteisiin ja pintoihin.<\/p>\n<p><strong>Raitista ilmaa kotiisi tuuletusaukoilla <\/strong><br \/>Hyv\u00e4n ilmanvaihdon saamiseksi taloon on p\u00e4\u00e4st\u00e4v\u00e4 raitista ilmaa.<\/p>\n<p><strong>Venttiilit ja s\u00e4leik\u00f6t<\/strong><br \/>Retonilta saat sek\u00e4 tuloilmaventtiilit, poistoilmaventtiilit ett\u00e4 ilmansiirtos\u00e4leik\u00f6t.<br \/>Lis\u00e4varusteena on eri mallisia ja eri materiaaleista<br \/>valmistettuja s\u00e4leik\u00f6it\u00e4 sek\u00e4 sis\u00e4- ett\u00e4 ulkok\u00e4ytt\u00f6\u00f6n.<\/p>\n<p><strong>Kanavat ja putket<\/strong><br \/>Retonin kanava- ja putkivalikoima sopii moneen eri k\u00e4ytt\u00f6\u00f6n.<\/p>\n<p><a href=\"https:\/\/volutiongroup.se\/app\/uploads\/sites\/4\/2023\/11\/008847-D_Reton_Sortiment_folder_web.pdf\" target=\"_blank\" rel=\"noopener\">Katso koko valikoimamme t\u00e4\u00e4lt\u00e4.<\/a><\/p>\n\t\t\t\t\t\t\t\t<\/div>\n\t\t\t\t<\/div>\n\t\t\t\t<div class=\"elementor-element elementor-element-1ca856c6 elementor-widget elementor-widget-spacer\" data-id=\"1ca856c6\" data-element_type=\"widget\" data-e-type=\"widget\" data-widget_type=\"spacer.default\">\n\t\t\t\t<div class=\"elementor-widget-container\">\n\t\t\t\t\t\t\t<div class=\"elementor-spacer\">\n\t\t\t<div class=\"elementor-spacer-inner\"><\/div>\n\t\t<\/div>\n\t\t\t\t\t\t<\/div>\n\t\t\t\t<\/div>\n\t\t\t\t\t<\/div>\n\t\t<\/div>\n\t\t\t\t\t<\/div>\n\t\t<\/section>\n\t\t\t\t<\/div>\n\t\t","protected":false},"excerpt":{"rendered":"<p>Reton tuotevalikoima Reton-sarjaan kuuluu ilmanvaihtotuotteita, jotka on suunniteltu pohjoismaiseen ilmastoomme. Tuotteillamme saat kotiisi hyv\u00e4n ja luotettavasti toimivan ilmanvaihdon. Valikoima sis\u00e4lt\u00e4\u00e4 puhaltimet, korvausilmaventtiilit, tuuletusaukot, s\u00e4leik\u00f6t ja kanavat. Kosteuden poistaminen kylpyhuonepuhaltimilla Hyv\u00e4 ilmanvaihto on v\u00e4ltt\u00e4m\u00e4t\u00f6nt\u00e4 kylpyhuoneissa ja muissa kosteissa tiloissa, jos haluat v\u00e4ltt\u00e4\u00e4 kosteuden aiheuttamat haitat,kuten homeen muodostumisen rakenteisiin ja pintoihin. Raitista ilmaa kotiisi tuuletusaukoilla Hyv\u00e4n ilmanvaihdon [&hellip;]<\/p>\n","protected":false},"author":1,"featured_media":0,"parent":0,"menu_order":0,"comment_status":"closed","ping_status":"closed","template":"","meta":{"_acf_changed":false,"_exactmetrics_skip_tracking":false,"_exactmetrics_sitenote_active":false,"_exactmetrics_sitenote_note":"","_exactmetrics_sitenote_category":0,"footnotes":""},"class_list":["post-453","page","type-page","status-publish","hentry"],"acf":[],"_links":{"self":[{"href":"https:\/\/reton.se\/fi\/wp-json\/wp\/v2\/pages\/453","targetHints":{"allow":["GET"]}}],"collection":[{"href":"https:\/\/reton.se\/fi\/wp-json\/wp\/v2\/pages"}],"about":[{"href":"https:\/\/reton.se\/fi\/wp-json\/wp\/v2\/types\/page"}],"author":[{"embeddable":true,"href":"https:\/\/reton.se\/fi\/wp-json\/wp\/v2\/users\/1"}],"replies":[{"embeddable":true,"href":"https:\/\/reton.se\/fi\/wp-json\/wp\/v2\/comments?post=453"}],"version-history":[{"count":10,"href":"https:\/\/reton.se\/fi\/wp-json\/wp\/v2\/pages\/453\/revisions"}],"predecessor-version":[{"id":1556,"href":"https:\/\/reton.se\/fi\/wp-json\/wp\/v2\/pages\/453\/revisions\/1556"}],"wp:attachment":[{"href":"https:\/\/reton.se\/fi\/wp-json\/wp\/v2\/media?parent=453"}],"curies":[{"name":"wp","href":"https:\/\/api.w.org\/{rel}","templated":true}]}}