{"id":455,"date":"2022-04-08T10:16:04","date_gmt":"2022-04-08T08:16:04","guid":{"rendered":"https:\/\/reton.se\/meista\/"},"modified":"2024-07-01T10:27:03","modified_gmt":"2024-07-01T08:27:03","slug":"meista","status":"publish","type":"page","link":"https:\/\/reton.se\/fi\/meista\/","title":{"rendered":"Meist\u00e4"},"content":{"rendered":"\t\t<div data-elementor-type=\"wp-page\" data-elementor-id=\"455\" class=\"elementor elementor-455 elementor-167\" data-elementor-post-type=\"page\">\n\t\t\t\t\t\t<section class=\"elementor-section elementor-top-section elementor-element elementor-element-7cb271f0 elementor-section-boxed elementor-section-height-default elementor-section-height-default\" data-id=\"7cb271f0\" data-element_type=\"section\" data-e-type=\"section\">\n\t\t\t\t\t\t<div class=\"elementor-container elementor-column-gap-default\">\n\t\t\t\t\t<div class=\"elementor-column elementor-col-100 elementor-top-column elementor-element elementor-element-69155ba9\" data-id=\"69155ba9\" data-element_type=\"column\" data-e-type=\"column\">\n\t\t\t<div class=\"elementor-widget-wrap elementor-element-populated\">\n\t\t\t\t\t\t<div class=\"elementor-element elementor-element-1e2d1e06 elementor-widget elementor-widget-spacer\" data-id=\"1e2d1e06\" data-element_type=\"widget\" data-e-type=\"widget\" data-widget_type=\"spacer.default\">\n\t\t\t\t<div class=\"elementor-widget-container\">\n\t\t\t\t\t\t\t<div class=\"elementor-spacer\">\n\t\t\t<div class=\"elementor-spacer-inner\"><\/div>\n\t\t<\/div>\n\t\t\t\t\t\t<\/div>\n\t\t\t\t<\/div>\n\t\t\t\t<div class=\"elementor-element elementor-element-7f0558c7 elementor-widget elementor-widget-heading\" data-id=\"7f0558c7\" data-element_type=\"widget\" data-e-type=\"widget\" data-widget_type=\"heading.default\">\n\t\t\t\t<div class=\"elementor-widget-container\">\n\t\t\t\t\t<h2 class=\"elementor-heading-title elementor-size-default\">Reton \u2013 terveellisempi sis\u00e4ilma<\/h2>\t\t\t\t<\/div>\n\t\t\t\t<\/div>\n\t\t\t\t<div class=\"elementor-element elementor-element-47016067 elementor-widget elementor-widget-text-editor\" data-id=\"47016067\" data-element_type=\"widget\" data-e-type=\"widget\" data-widget_type=\"text-editor.default\">\n\t\t\t\t<div class=\"elementor-widget-container\">\n\t\t\t\t\t\t\t\t\t<p><span data-contrast=\"auto\">Reton on ruotsalainen tuotemerkki, joka tarjoaa ilmanvaihtotuotteita kotisi terveellisemp\u00e4\u00e4n sis\u00e4ilmaan.<\/span><span data-ccp-props=\"{\"> <\/span><\/p>\n<p><b><span data-contrast=\"auto\">Ruotsissa valmistetut ilmanvaihtotuotteet<\/span><\/b> <br \/><span data-contrast=\"auto\">Reton perustettiin ja toimii edelleen Sm\u00e5lannissa Ruotsissa. Jokaisella tulee olla varaa hyv\u00e4\u00e4n ilmanvaihtoon,<\/span><span data-ccp-props=\"{\"> <\/span><\/p>\n<p><span data-contrast=\"auto\">siksi tarjoamme edullisia ja laadukkaita tuotteita.<\/span><span data-ccp-props=\"{\"> <\/span><\/p>\n<p><b><span data-contrast=\"auto\">Volution Sweden AB<\/span><\/b> <br \/><span data-contrast=\"auto\">Reton on osa vahvaa br\u00e4ndiportfoliota Volution Sweden AB:ssa, joka on Pohjoismaiden markkinajohtaja ilmanvaihtotuotteiden valmistajana. Volution Sweden AB:n markkina-alue k\u00e4sitt\u00e4\u00e4 Euroopan, Aasian sek\u00e4 Pohjois- ja Etel\u00e4-Amerikan. P\u00e4\u00e4konttorimme sijaitsee V\u00e4xj\u00f6ss\u00e4 Ruotsissa.<\/span><span data-ccp-props=\"{\"> <\/span><\/p>\n\t\t\t\t\t\t\t\t<\/div>\n\t\t\t\t<\/div>\n\t\t\t\t\t<\/div>\n\t\t<\/div>\n\t\t\t\t\t<\/div>\n\t\t<\/section>\n\t\t\t\t<section class=\"elementor-section elementor-top-section elementor-element elementor-element-fed20ee elementor-section-boxed elementor-section-height-default elementor-section-height-default\" data-id=\"fed20ee\" data-element_type=\"section\" data-e-type=\"section\">\n\t\t\t\t\t\t<div class=\"elementor-container elementor-column-gap-default\">\n\t\t\t\t\t<div class=\"elementor-column elementor-col-100 elementor-top-column elementor-element elementor-element-035d4ff\" data-id=\"035d4ff\" data-element_type=\"column\" data-e-type=\"column\">\n\t\t\t<div class=\"elementor-widget-wrap elementor-element-populated\">\n\t\t\t\t\t\t<div class=\"elementor-element elementor-element-e6d827f elementor-widget-divider--view-line elementor-widget elementor-widget-divider\" data-id=\"e6d827f\" data-element_type=\"widget\" data-e-type=\"widget\" data-widget_type=\"divider.default\">\n\t\t\t\t<div class=\"elementor-widget-container\">\n\t\t\t\t\t\t\t<div class=\"elementor-divider\">\n\t\t\t<span class=\"elementor-divider-separator\">\n\t\t\t\t\t\t<\/span>\n\t\t<\/div>\n\t\t\t\t\t\t<\/div>\n\t\t\t\t<\/div>\n\t\t\t\t<div class=\"elementor-element elementor-element-9e6fffb elementor-widget elementor-widget-text-editor\" data-id=\"9e6fffb\" data-element_type=\"widget\" data-e-type=\"widget\" data-widget_type=\"text-editor.default\">\n\t\t\t\t<div class=\"elementor-widget-container\">\n\t\t\t\t\t\t\t\t\t<p><strong>Ilmoittaminen v\u00e4\u00e4rink\u00e4yt\u00f6ksist\u00e4<\/strong> <\/p>\n<p>Ulkopuolinen henkil\u00f6, joka perustellusti uskoo, ett\u00e4 sopimatonta liiketoimintak\u00e4ytt\u00e4ytymist\u00e4 tai lain rikkomista tapahtuu tai on tapahtunut, tulisi aluksi ottaa asia kirjallisesti esille yhteyshenkil\u00f6ns\u00e4 kanssa Volutionilla. Ulkopuolisella henkil\u00f6ll\u00e4 on kuitenkin my\u00f6s mahdollisuus raportoida huolenaiheista anonyymisti Volution Speak Up -kanavan kautta &#8211; viitaten &#8220;Volution&#8221;.<\/p>\n<p>Volution Speak Up -kanava l\u00f6ytyy Volution Groupin toimintaohjeista ja v\u00e4\u00e4rink\u00e4yt\u00f6sten ilmoittamisk\u00e4yt\u00e4nn\u00f6st\u00e4 osoitteessa <a href=\"https:\/\/www.volutiongroupplc.com\/sustainability\/policies\/\"><strong>Volution Group Code of Conduct &amp; Whistleblowing policy<\/strong><\/a><\/p>\n\t\t\t\t\t\t\t\t<\/div>\n\t\t\t\t<\/div>\n\t\t\t\t<section class=\"elementor-section elementor-inner-section elementor-element elementor-element-33cd92a elementor-section-boxed elementor-section-height-default elementor-section-height-default\" data-id=\"33cd92a\" data-element_type=\"section\" data-e-type=\"section\">\n\t\t\t\t\t\t<div class=\"elementor-container elementor-column-gap-default\">\n\t\t\t\t\t<div class=\"elementor-column elementor-col-50 elementor-inner-column elementor-element elementor-element-0f10218\" data-id=\"0f10218\" data-element_type=\"column\" data-e-type=\"column\">\n\t\t\t<div class=\"elementor-widget-wrap\">\n\t\t\t\t\t\t\t<\/div>\n\t\t<\/div>\n\t\t\t\t<div class=\"elementor-column elementor-col-50 elementor-inner-column elementor-element elementor-element-6f82b57\" data-id=\"6f82b57\" data-element_type=\"column\" data-e-type=\"column\">\n\t\t\t<div class=\"elementor-widget-wrap\">\n\t\t\t\t\t\t\t<\/div>\n\t\t<\/div>\n\t\t\t\t\t<\/div>\n\t\t<\/section>\n\t\t\t\t\t<\/div>\n\t\t<\/div>\n\t\t\t\t\t<\/div>\n\t\t<\/section>\n\t\t\t\t<section class=\"elementor-section elementor-top-section elementor-element elementor-element-72de4c5 elementor-section-boxed elementor-section-height-default elementor-section-height-default\" data-id=\"72de4c5\" data-element_type=\"section\" data-e-type=\"section\">\n\t\t\t\t\t\t<div class=\"elementor-container elementor-column-gap-default\">\n\t\t\t\t\t<div class=\"elementor-column elementor-col-100 elementor-top-column elementor-element elementor-element-2f45d98\" data-id=\"2f45d98\" data-element_type=\"column\" data-e-type=\"column\">\n\t\t\t<div class=\"elementor-widget-wrap elementor-element-populated\">\n\t\t\t\t\t\t<div class=\"elementor-element elementor-element-eb065f6 elementor-widget-divider--view-line elementor-widget elementor-widget-divider\" data-id=\"eb065f6\" data-element_type=\"widget\" data-e-type=\"widget\" data-widget_type=\"divider.default\">\n\t\t\t\t<div class=\"elementor-widget-container\">\n\t\t\t\t\t\t\t<div class=\"elementor-divider\">\n\t\t\t<span class=\"elementor-divider-separator\">\n\t\t\t\t\t\t<\/span>\n\t\t<\/div>\n\t\t\t\t\t\t<\/div>\n\t\t\t\t<\/div>\n\t\t\t\t<div class=\"elementor-element elementor-element-036eb18 elementor-widget elementor-widget-text-editor\" data-id=\"036eb18\" data-element_type=\"widget\" data-e-type=\"widget\" data-widget_type=\"text-editor.default\">\n\t\t\t\t<div class=\"elementor-widget-container\">\n\t\t\t\t\t\t\t\t\t<p><strong>Takuu &#8211; luotamme korkeaan laatuumme<\/strong><\/p>\n<p>Reton noudattaa korkeita standardeja ja luottaa laatuun. Antamalla takuun varmistamme, ett\u00e4 sinulla on asiakkaanamme turvallinen olo ja olet varma tuotteidemme laadusta ja kest\u00e4vyydest\u00e4. Jotta voimme yll\u00e4pit\u00e4\u00e4 Retons korkeita standardeja, tuotteidemme laatu tarkistetaan ja testataan perusteellisesti ennen tuotannosta l\u00e4htemist\u00e4.<\/p>\n<p><strong>Takuuehdot<\/strong><\/p>\n<p>Myyj\u00e4 vastaa tuotteen virheist\u00e4, jotka ilmenev\u00e4t 2 vuoden kuluessa tuotteen toimituksesta, ellei annetuissa takuuehdoissa toisin mainita. Joillakin tuotteilla on pidennetty takuu, mik\u00e4 on mainittu kyseisten tuotteiden yhteydess\u00e4. Takuu kattaa vain tuotteen, eli kyseess\u00e4 on tuotetakuu.<\/p>\n<p>Myyj\u00e4 ei ole vastuussa mist\u00e4\u00e4n, mik\u00e4 johtuu virheellisest\u00e4 kokoonpanosta tai asennuksesta, puutteellisesta yll\u00e4pidosta, v\u00e4\u00e4r\u00e4st\u00e4 hoidosta, laiminly\u00f6nnist\u00e4, ep\u00e4tavanomaisesta k\u00e4yt\u00f6st\u00e4 tai muusta ostajaan liittyv\u00e4st\u00e4 seikasta (katso k\u00e4sikirja). Takuu ei kata ilman myyj\u00e4n suostumusta takuuaikana tehtyj\u00e4 korjauksia.<\/p>\n<p>Myyj\u00e4n vastuu ei my\u00f6sk\u00e4\u00e4n kata normaalia kulumista tai huononemista. Ostajan velvollisuus on noudattaa sovittuja huolto- ja kunnossapitotoimenpiteit\u00e4 ja dokumentoida ne.<\/p>\n<p>Ilmoitettujen aikojen j\u00e4lkeen ilmenevist\u00e4 tuotteen virheist\u00e4 myyj\u00e4 on vastuussa vain, jos virhe on olennainen ja sen osoitetaan johtuvan myyj\u00e4n huolimattomuudesta. Ilmoitetun vastuun osalta sovelletaan laissa s\u00e4\u00e4detty\u00e4 yleist\u00e4 vanhentumisaikaa tuotteiden toimitusp\u00e4iv\u00e4st\u00e4 lukien. Reklamaation kohteena oleva tuote on annettava myyj\u00e4n tarkastettavaksi. Jos ostaja tekee reklamaation ja k\u00e4y ilmi, ettei virhe ole myyj\u00e4n vastuulla ja ett\u00e4 ostajan olisi pit\u00e4nyt ymm\u00e4rt\u00e4\u00e4 t\u00e4m\u00e4, myyj\u00e4ll\u00e4 on oikeus kohtuulliseen korvaukseen aiheutuneista kustannuksista.<\/p>\n<p>Myyj\u00e4n on ilman aiheetonta viivytyst\u00e4 reklamaation tekemisen j\u00e4lkeen oikaistava virhe korvaavalla tuotteella ilman ostajalle aiheutuvia kustannuksia. Myyj\u00e4 ei ole vastuussa virheist\u00e4 tai vahingoista, jotka ylitt\u00e4v\u00e4t edellisiss\u00e4 kappaleissa m\u00e4\u00e4r\u00e4tyt vastuut. T\u00e4m\u00e4 koskee kaikkia menetyksi\u00e4, joita virhe tai vahinko ehk\u00e4 aiheuttaa, esimerkiksi tuotannon menetyst\u00e4, saamatta j\u00e4\u00e4nytt\u00e4 voittoa ja muita v\u00e4lillisi\u00e4 taloudellisia menetyksi\u00e4.<\/p>\n<p>Kaikki reklamaatiot on teht\u00e4v\u00e4 ostopaikassa kuitin kera.<\/p>\n<p>Takuut viittaavat myyj\u00e4n takuisiin. Muut myyntiketjun osapuolet voivat antaa laajempia takuita. Kyseiset laajennetut takuut on sovittava takuun antaneen osapuolen kanssa.<\/p>\n<p>Pid\u00e4t\u00e4mme oikeuden painovirheisiin sek\u00e4 muutoksiin materiaaleissa ja malleissa.<\/p>\n<p>GARANTIVILLKOR voimassa 25.4.2024 alkaen<\/p>\n\t\t\t\t\t\t\t\t<\/div>\n\t\t\t\t<\/div>\n\t\t\t\t<section class=\"elementor-section elementor-inner-section elementor-element elementor-element-e6d1481 elementor-section-boxed elementor-section-height-default elementor-section-height-default\" data-id=\"e6d1481\" data-element_type=\"section\" data-e-type=\"section\">\n\t\t\t\t\t\t<div class=\"elementor-container elementor-column-gap-default\">\n\t\t\t\t\t<div class=\"elementor-column elementor-col-50 elementor-inner-column elementor-element elementor-element-ac40f89\" data-id=\"ac40f89\" data-element_type=\"column\" data-e-type=\"column\">\n\t\t\t<div class=\"elementor-widget-wrap\">\n\t\t\t\t\t\t\t<\/div>\n\t\t<\/div>\n\t\t\t\t<div class=\"elementor-column elementor-col-50 elementor-inner-column elementor-element elementor-element-09e5d08\" data-id=\"09e5d08\" data-element_type=\"column\" data-e-type=\"column\">\n\t\t\t<div class=\"elementor-widget-wrap\">\n\t\t\t\t\t\t\t<\/div>\n\t\t<\/div>\n\t\t\t\t\t<\/div>\n\t\t<\/section>\n\t\t\t\t\t<\/div>\n\t\t<\/div>\n\t\t\t\t\t<\/div>\n\t\t<\/section>\n\t\t\t\t<\/div>\n\t\t","protected":false},"excerpt":{"rendered":"<p>Reton \u2013 terveellisempi sis\u00e4ilma Reton on ruotsalainen tuotemerkki, joka tarjoaa ilmanvaihtotuotteita kotisi terveellisemp\u00e4\u00e4n sis\u00e4ilmaan. Ruotsissa valmistetut ilmanvaihtotuotteet Reton perustettiin ja toimii edelleen Sm\u00e5lannissa Ruotsissa. Jokaisella tulee olla varaa hyv\u00e4\u00e4n ilmanvaihtoon, siksi tarjoamme edullisia ja laadukkaita tuotteita. Volution Sweden AB Reton on osa vahvaa br\u00e4ndiportfoliota Volution Sweden AB:ssa, joka on Pohjoismaiden markkinajohtaja ilmanvaihtotuotteiden valmistajana. Volution Sweden [&hellip;]<\/p>\n","protected":false},"author":1,"featured_media":0,"parent":0,"menu_order":0,"comment_status":"closed","ping_status":"closed","template":"elementor_header_footer","meta":{"_acf_changed":false,"_exactmetrics_skip_tracking":false,"_exactmetrics_sitenote_active":false,"_exactmetrics_sitenote_note":"","_exactmetrics_sitenote_category":0,"footnotes":""},"class_list":["post-455","page","type-page","status-publish","hentry"],"acf":[],"_links":{"self":[{"href":"https:\/\/reton.se\/fi\/wp-json\/wp\/v2\/pages\/455","targetHints":{"allow":["GET"]}}],"collection":[{"href":"https:\/\/reton.se\/fi\/wp-json\/wp\/v2\/pages"}],"about":[{"href":"https:\/\/reton.se\/fi\/wp-json\/wp\/v2\/types\/page"}],"author":[{"embeddable":true,"href":"https:\/\/reton.se\/fi\/wp-json\/wp\/v2\/users\/1"}],"replies":[{"embeddable":true,"href":"https:\/\/reton.se\/fi\/wp-json\/wp\/v2\/comments?post=455"}],"version-history":[{"count":9,"href":"https:\/\/reton.se\/fi\/wp-json\/wp\/v2\/pages\/455\/revisions"}],"predecessor-version":[{"id":1453,"href":"https:\/\/reton.se\/fi\/wp-json\/wp\/v2\/pages\/455\/revisions\/1453"}],"wp:attachment":[{"href":"https:\/\/reton.se\/fi\/wp-json\/wp\/v2\/media?parent=455"}],"curies":[{"name":"wp","href":"https:\/\/api.w.org\/{rel}","templated":true}]}}