{"id":457,"date":"2022-04-08T10:17:44","date_gmt":"2022-04-08T08:17:44","guid":{"rendered":"https:\/\/reton.se\/evasteet\/"},"modified":"2022-04-08T10:17:45","modified_gmt":"2022-04-08T08:17:45","slug":"evasteet","status":"publish","type":"page","link":"https:\/\/reton.se\/fi\/evasteet\/","title":{"rendered":"Ev\u00e4steet"},"content":{"rendered":"\t\t<div data-elementor-type=\"wp-page\" data-elementor-id=\"457\" class=\"elementor elementor-457 elementor-161\" data-elementor-post-type=\"page\">\n\t\t\t\t\t\t<section class=\"elementor-section elementor-top-section elementor-element elementor-element-292d2157 elementor-section-boxed elementor-section-height-default elementor-section-height-default\" data-id=\"292d2157\" data-element_type=\"section\" data-e-type=\"section\">\n\t\t\t\t\t\t<div class=\"elementor-container elementor-column-gap-default\">\n\t\t\t\t\t<div class=\"elementor-column elementor-col-100 elementor-top-column elementor-element elementor-element-7a3e5c25\" data-id=\"7a3e5c25\" data-element_type=\"column\" data-e-type=\"column\">\n\t\t\t<div class=\"elementor-widget-wrap elementor-element-populated\">\n\t\t\t\t\t\t<div class=\"elementor-element elementor-element-5e314219 elementor-widget elementor-widget-spacer\" data-id=\"5e314219\" data-element_type=\"widget\" data-e-type=\"widget\" data-widget_type=\"spacer.default\">\n\t\t\t\t<div class=\"elementor-widget-container\">\n\t\t\t\t\t\t\t<div class=\"elementor-spacer\">\n\t\t\t<div class=\"elementor-spacer-inner\"><\/div>\n\t\t<\/div>\n\t\t\t\t\t\t<\/div>\n\t\t\t\t<\/div>\n\t\t\t\t<div class=\"elementor-element elementor-element-44211aa8 elementor-widget elementor-widget-heading\" data-id=\"44211aa8\" data-element_type=\"widget\" data-e-type=\"widget\" data-widget_type=\"heading.default\">\n\t\t\t\t<div class=\"elementor-widget-container\">\n\t\t\t\t\t<h2 class=\"elementor-heading-title elementor-size-default\">Ev\u00e4steet<\/h2>\t\t\t\t<\/div>\n\t\t\t\t<\/div>\n\t\t\t\t<div class=\"elementor-element elementor-element-62f8b658 elementor-widget elementor-widget-text-editor\" data-id=\"62f8b658\" data-element_type=\"widget\" data-e-type=\"widget\" data-widget_type=\"text-editor.default\">\n\t\t\t\t<div class=\"elementor-widget-container\">\n\t\t\t\t\t\t\t\t\t<h5>K\u00e4ytett\u00e4v\u00e4t ev\u00e4steet<\/h5>\n<p>T\u00e4m\u00e4 sivusto k\u00e4ytt\u00e4\u00e4 ev\u00e4steit\u00e4. Emme tallenna henkil\u00f6tietoja ev\u00e4steiden avulla, emmek\u00e4 voi seurata sivustoillamme vierailevien tietoja ev\u00e4steiden avulla. Sivusto k\u00e4ytt\u00e4\u00e4 niin kutsuttua istuntoev\u00e4stett\u00e4: ASP.NET SessionId. Ev\u00e4stett\u00e4 k\u00e4ytet\u00e4\u00e4n salasanalla suojattujen sivujemme hallintaan.   <\/p>\n<p><strong>Tietoja ev\u00e4steist\u00e4<\/strong><\/p>\n<p>Ev\u00e4ste on pieni tekstitiedosto, joka l\u00e4hetet\u00e4\u00e4n verkkopalvelimeltamme ja jonka selaimesi tallentaa. Ev\u00e4steit\u00e4 on kahdenlaisia, nk. &#8220;tavalliset&#8221; ev\u00e4steet sek\u00e4 istuntoev\u00e4steet, joita meid\u00e4n sivustomme k\u00e4ytt\u00e4\u00e4. Istuntoev\u00e4steet katoavat, kun suljet selaimesi, kun taas tavalliset ev\u00e4steet s\u00e4ilyv\u00e4t tietokoneellesi pidemm\u00e4n aikaa.  <\/p>\n<p><strong>N\u00e4in voit v\u00e4ltt\u00e4\u00e4 ev\u00e4steet<\/strong><\/p>\n<p>Jos et halua hyv\u00e4ksy\u00e4 ev\u00e4steit\u00e4, selaimesi voidaan asettaa niin, ett\u00e4 kielt\u00e4ydyt automaattisesti ev\u00e4steiden tallentamisesta tai saat tiedon aina, kun verkkosivusto pyyt\u00e4\u00e4 tallentamaan ev\u00e4steen. Aiemmin tallennetut ev\u00e4steet voidaan my\u00f6s poistaa selaimen kautta. Katso lis\u00e4tietoja selaimen ohjesivuilta. Voit my\u00f6s poistaa ev\u00e4steet manuaalisesti milloin tahansa. Jos p\u00e4\u00e4t\u00e4t olla hyv\u00e4ksym\u00e4tt\u00e4 ev\u00e4steit\u00e4, tiettyj\u00e4 toimintoja voidaan silti k\u00e4ytt\u00e4\u00e4, mutta voit rajoittaa tiettyjen verkkosivustojen toimivuutta.    <\/p>\n\t\t\t\t\t\t\t\t<\/div>\n\t\t\t\t<\/div>\n\t\t\t\t\t<\/div>\n\t\t<\/div>\n\t\t\t\t\t<\/div>\n\t\t<\/section>\n\t\t\t\t<section class=\"elementor-section elementor-top-section elementor-element elementor-element-df33684 elementor-section-boxed elementor-section-height-default elementor-section-height-default\" data-id=\"df33684\" data-element_type=\"section\" data-e-type=\"section\">\n\t\t\t\t\t\t<div class=\"elementor-container elementor-column-gap-default\">\n\t\t\t\t\t<div class=\"elementor-column elementor-col-100 elementor-top-column elementor-element elementor-element-4854a3d\" data-id=\"4854a3d\" data-element_type=\"column\" data-e-type=\"column\">\n\t\t\t<div class=\"elementor-widget-wrap elementor-element-populated\">\n\t\t\t\t\t\t<div class=\"elementor-element elementor-element-8e11ce5 elementor-widget elementor-widget-spacer\" data-id=\"8e11ce5\" data-element_type=\"widget\" data-e-type=\"widget\" data-widget_type=\"spacer.default\">\n\t\t\t\t<div class=\"elementor-widget-container\">\n\t\t\t\t\t\t\t<div class=\"elementor-spacer\">\n\t\t\t<div class=\"elementor-spacer-inner\"><\/div>\n\t\t<\/div>\n\t\t\t\t\t\t<\/div>\n\t\t\t\t<\/div>\n\t\t\t\t\t<\/div>\n\t\t<\/div>\n\t\t\t\t\t<\/div>\n\t\t<\/section>\n\t\t\t\t<\/div>\n\t\t","protected":false},"excerpt":{"rendered":"<p>Ev\u00e4steet K\u00e4ytett\u00e4v\u00e4t ev\u00e4steet T\u00e4m\u00e4 sivusto k\u00e4ytt\u00e4\u00e4 ev\u00e4steit\u00e4. Emme tallenna henkil\u00f6tietoja ev\u00e4steiden avulla, emmek\u00e4 voi seurata sivustoillamme vierailevien tietoja ev\u00e4steiden avulla. Sivusto k\u00e4ytt\u00e4\u00e4 niin kutsuttua istuntoev\u00e4stett\u00e4: ASP.NET SessionId. Ev\u00e4stett\u00e4 k\u00e4ytet\u00e4\u00e4n salasanalla suojattujen sivujemme hallintaan. Tietoja ev\u00e4steist\u00e4 Ev\u00e4ste on pieni tekstitiedosto, joka l\u00e4hetet\u00e4\u00e4n verkkopalvelimeltamme ja jonka selaimesi tallentaa. Ev\u00e4steit\u00e4 on kahdenlaisia, nk. &#8220;tavalliset&#8221; ev\u00e4steet sek\u00e4 istuntoev\u00e4steet, joita [&hellip;]<\/p>\n","protected":false},"author":1,"featured_media":0,"parent":0,"menu_order":0,"comment_status":"closed","ping_status":"closed","template":"","meta":{"_acf_changed":false,"_exactmetrics_skip_tracking":false,"_exactmetrics_sitenote_active":false,"_exactmetrics_sitenote_note":"","_exactmetrics_sitenote_category":0,"footnotes":""},"class_list":["post-457","page","type-page","status-publish","hentry"],"acf":[],"_links":{"self":[{"href":"https:\/\/reton.se\/fi\/wp-json\/wp\/v2\/pages\/457","targetHints":{"allow":["GET"]}}],"collection":[{"href":"https:\/\/reton.se\/fi\/wp-json\/wp\/v2\/pages"}],"about":[{"href":"https:\/\/reton.se\/fi\/wp-json\/wp\/v2\/types\/page"}],"author":[{"embeddable":true,"href":"https:\/\/reton.se\/fi\/wp-json\/wp\/v2\/users\/1"}],"replies":[{"embeddable":true,"href":"https:\/\/reton.se\/fi\/wp-json\/wp\/v2\/comments?post=457"}],"version-history":[{"count":1,"href":"https:\/\/reton.se\/fi\/wp-json\/wp\/v2\/pages\/457\/revisions"}],"predecessor-version":[{"id":458,"href":"https:\/\/reton.se\/fi\/wp-json\/wp\/v2\/pages\/457\/revisions\/458"}],"wp:attachment":[{"href":"https:\/\/reton.se\/fi\/wp-json\/wp\/v2\/media?parent=457"}],"curies":[{"name":"wp","href":"https:\/\/api.w.org\/{rel}","templated":true}]}}