{"id":336,"date":"2022-04-01T10:08:44","date_gmt":"2022-04-01T08:08:44","guid":{"rendered":"https:\/\/reton.se\/start\/"},"modified":"2022-05-11T15:57:02","modified_gmt":"2022-05-11T13:57:02","slug":"start","status":"publish","type":"page","link":"https:\/\/reton.se\/no\/","title":{"rendered":"Start"},"content":{"rendered":"\t\t<div data-elementor-type=\"wp-page\" data-elementor-id=\"336\" class=\"elementor elementor-336 elementor-170\" data-elementor-post-type=\"page\">\n\t\t\t\t\t\t<section class=\"elementor-section elementor-top-section elementor-element elementor-element-278e624d elementor-section-boxed elementor-section-height-default elementor-section-height-default\" data-id=\"278e624d\" data-element_type=\"section\" data-e-type=\"section\">\n\t\t\t\t\t\t<div class=\"elementor-container elementor-column-gap-default\">\n\t\t\t\t\t<div class=\"elementor-column elementor-col-100 elementor-top-column elementor-element elementor-element-24ffa3e4\" data-id=\"24ffa3e4\" data-element_type=\"column\" data-e-type=\"column\">\n\t\t\t<div class=\"elementor-widget-wrap elementor-element-populated\">\n\t\t\t\t\t\t<div class=\"elementor-element elementor-element-328cf80f elementor-widget elementor-widget-spacer\" data-id=\"328cf80f\" data-element_type=\"widget\" data-e-type=\"widget\" data-widget_type=\"spacer.default\">\n\t\t\t\t<div class=\"elementor-widget-container\">\n\t\t\t\t\t\t\t<div class=\"elementor-spacer\">\n\t\t\t<div class=\"elementor-spacer-inner\"><\/div>\n\t\t<\/div>\n\t\t\t\t\t\t<\/div>\n\t\t\t\t<\/div>\n\t\t\t\t<div class=\"elementor-element elementor-element-53809a58 elementor-widget elementor-widget-heading\" data-id=\"53809a58\" data-element_type=\"widget\" data-e-type=\"widget\" data-widget_type=\"heading.default\">\n\t\t\t\t<div class=\"elementor-widget-container\">\n\t\t\t\t\t<h2 class=\"elementor-heading-title elementor-size-default\">For et sunnere inneklima<\/h2>\t\t\t\t<\/div>\n\t\t\t\t<\/div>\n\t\t\t\t<div class=\"elementor-element elementor-element-2e3549cc elementor-widget elementor-widget-text-editor\" data-id=\"2e3549cc\" data-element_type=\"widget\" data-e-type=\"widget\" data-widget_type=\"text-editor.default\">\n\t\t\t\t<div class=\"elementor-widget-container\">\n\t\t\t\t\t\t\t\t\t<h6>Hvorfor er det n\u00f8dvendig med ventilasjon?<\/h6>\n<p>Frisk luft er en av de viktigste forutsetningene for et godt og sunt liv. Inneluften inneholder dessverre forurensninger, i ulike mengder, avhengig av \u00e5rstid og plassering. Det er derfor viktig \u00e5 s\u00f8rge for at du har tilstrekkelig og konstant luftskifte i boligen for at inneluften din skal v\u00e6re ren og frisk \u00e5 puste inn.<\/p>\n<p>Vi spenderer ca 90 % av tiden v\u00e5r innend\u00f8rs, s\u00e5 du skj\u00f8nner raskt at godt inneklima og velfungerende ventilasjon er ekstremt viktig.<\/p>\n<h6>L\u00f8sninger med Reton-serien<\/h6>\n<p>Vi mennesker har det bedre, blir mer effektive og yter mer hvis vi puster inn ren luft. Visste du at en voksen har et daglig forbruk per dag p\u00e5 ca 1 kg vann, 3 kg mat men hele 30 kg luft. Dette tilsvarer ca 25.000 liter luft. Hver dag! <\/p>\n<p>Det er mye vi kan gj\u00f8re selv for \u00e5 forbedre inneklimaet v\u00e5rt. Reton-serien inneholder ventilasjonsprodukter som er tilpasset v\u00e5rt nordiske klima og v\u00e5rt tips til deg er at du sjekker ventilasjonen regelmessig for b\u00e5de ditt eget og husets beste.<\/p>\n<p><a href=\"https:\/\/volutiongroup.se\/app\/uploads\/sites\/4\/2022\/05\/990131-A_RETON_Ventilationsguide_Folder_SE_A4.pdf\" target=\"_blank\" rel=\"noopener\">Les mer i Reton Ventilasjonsguide<\/a><\/p>\n\t\t\t\t\t\t\t\t<\/div>\n\t\t\t\t<\/div>\n\t\t\t\t<div class=\"elementor-element elementor-element-1f40811e elementor-widget elementor-widget-spacer\" data-id=\"1f40811e\" data-element_type=\"widget\" data-e-type=\"widget\" data-widget_type=\"spacer.default\">\n\t\t\t\t<div class=\"elementor-widget-container\">\n\t\t\t\t\t\t\t<div class=\"elementor-spacer\">\n\t\t\t<div class=\"elementor-spacer-inner\"><\/div>\n\t\t<\/div>\n\t\t\t\t\t\t<\/div>\n\t\t\t\t<\/div>\n\t\t\t\t\t<\/div>\n\t\t<\/div>\n\t\t\t\t\t<\/div>\n\t\t<\/section>\n\t\t\t\t<\/div>\n\t\t","protected":false},"excerpt":{"rendered":"<p>For et sunnere inneklima Hvorfor er det n\u00f8dvendig med ventilasjon? Frisk luft er en av de viktigste forutsetningene for et godt og sunt liv. Inneluften inneholder dessverre forurensninger, i ulike mengder, avhengig av \u00e5rstid og plassering. Det er derfor viktig \u00e5 s\u00f8rge for at du har tilstrekkelig og konstant luftskifte i boligen for at inneluften [&hellip;]<\/p>\n","protected":false},"author":1,"featured_media":0,"parent":0,"menu_order":0,"comment_status":"closed","ping_status":"closed","template":"elementor_header_footer","meta":{"_acf_changed":false,"_exactmetrics_skip_tracking":false,"_exactmetrics_sitenote_active":false,"_exactmetrics_sitenote_note":"","_exactmetrics_sitenote_category":0,"footnotes":""},"class_list":["post-336","page","type-page","status-publish","hentry"],"acf":[],"_links":{"self":[{"href":"https:\/\/reton.se\/no\/wp-json\/wp\/v2\/pages\/336","targetHints":{"allow":["GET"]}}],"collection":[{"href":"https:\/\/reton.se\/no\/wp-json\/wp\/v2\/pages"}],"about":[{"href":"https:\/\/reton.se\/no\/wp-json\/wp\/v2\/types\/page"}],"author":[{"embeddable":true,"href":"https:\/\/reton.se\/no\/wp-json\/wp\/v2\/users\/1"}],"replies":[{"embeddable":true,"href":"https:\/\/reton.se\/no\/wp-json\/wp\/v2\/comments?post=336"}],"version-history":[{"count":2,"href":"https:\/\/reton.se\/no\/wp-json\/wp\/v2\/pages\/336\/revisions"}],"predecessor-version":[{"id":566,"href":"https:\/\/reton.se\/no\/wp-json\/wp\/v2\/pages\/336\/revisions\/566"}],"wp:attachment":[{"href":"https:\/\/reton.se\/no\/wp-json\/wp\/v2\/media?parent=336"}],"curies":[{"name":"wp","href":"https:\/\/api.w.org\/{rel}","templated":true}]}}