{"id":338,"date":"2022-04-01T10:12:04","date_gmt":"2022-04-01T08:12:04","guid":{"rendered":"https:\/\/reton.se\/sortiment\/"},"modified":"2024-09-03T11:37:08","modified_gmt":"2024-09-03T09:37:08","slug":"sortiment","status":"publish","type":"page","link":"https:\/\/reton.se\/no\/sortiment\/","title":{"rendered":"Sortiment"},"content":{"rendered":"\t\t<div data-elementor-type=\"wp-page\" data-elementor-id=\"338\" class=\"elementor elementor-338 elementor-158\" data-elementor-post-type=\"page\">\n\t\t\t\t\t\t<section class=\"elementor-section elementor-top-section elementor-element elementor-element-292058b9 elementor-section-boxed elementor-section-height-default elementor-section-height-default\" data-id=\"292058b9\" data-element_type=\"section\" data-e-type=\"section\">\n\t\t\t\t\t\t<div class=\"elementor-container elementor-column-gap-default\">\n\t\t\t\t\t<div class=\"elementor-column elementor-col-100 elementor-top-column elementor-element elementor-element-3c20e072\" data-id=\"3c20e072\" data-element_type=\"column\" data-e-type=\"column\">\n\t\t\t<div class=\"elementor-widget-wrap elementor-element-populated\">\n\t\t\t\t\t\t<div class=\"elementor-element elementor-element-300aba61 elementor-widget elementor-widget-spacer\" data-id=\"300aba61\" data-element_type=\"widget\" data-e-type=\"widget\" data-widget_type=\"spacer.default\">\n\t\t\t\t<div class=\"elementor-widget-container\">\n\t\t\t\t\t\t\t<div class=\"elementor-spacer\">\n\t\t\t<div class=\"elementor-spacer-inner\"><\/div>\n\t\t<\/div>\n\t\t\t\t\t\t<\/div>\n\t\t\t\t<\/div>\n\t\t\t\t<div class=\"elementor-element elementor-element-26400e6a elementor-widget elementor-widget-heading\" data-id=\"26400e6a\" data-element_type=\"widget\" data-e-type=\"widget\" data-widget_type=\"heading.default\">\n\t\t\t\t<div class=\"elementor-widget-container\">\n\t\t\t\t\t<h2 class=\"elementor-heading-title elementor-size-default\">Reton-serien<\/h2>\t\t\t\t<\/div>\n\t\t\t\t<\/div>\n\t\t\t\t<div class=\"elementor-element elementor-element-77f61edf elementor-widget elementor-widget-text-editor\" data-id=\"77f61edf\" data-element_type=\"widget\" data-e-type=\"widget\" data-widget_type=\"text-editor.default\">\n\t\t\t\t<div class=\"elementor-widget-container\">\n\t\t\t\t\t\t\t\t\t<p>Reton-serien inneholder ventilasjonsprodukter som er tilpasset v\u00e5rt nordiske klima. Med v\u00e5re produkter kan du p\u00e5 egenh\u00e5nd f\u00e5 en velfungerende ventilasjon i hjemmet. <\/p>\n<p>Sortimentet inkluderer vifter, ventiler, luftdon, rister og slanger.<\/p>\n<p><strong>Sunne v\u00e5trom med vifter <\/strong><br \/>Det er behov for god ventilasjon i bad og v\u00e5trom for effektivt<br \/>\u00e5 hindre fuktskader og muggsopp.<\/p>\n<p><strong>Frisk luft i hjemmet med ventiler <\/strong><br \/>For \u00e5 f\u00e5 god ventilasjon i boligen m\u00e5 frisk luft inn.<\/p>\n<p><strong>Luftdon og rister<\/strong><br \/>Reton har b\u00e5de tilluftsdon, fraluftsdon og overluftsdon.<br \/>Som tilbeh\u00f8r er det rister i ulike materialer og fasonger,<br \/>til b\u00e5de innvendig og utvendig bruk.<\/p>\n<p><strong>Slanger<\/strong><br \/>Retons slangesortiment passer til flere ulike omr\u00e5der.<\/p>\n<p><a href=\"https:\/\/volutiongroup.se\/app\/uploads\/sites\/4\/2023\/11\/008847-D_Reton_Sortiment_folder_web.pdf\" target=\"_blank\" rel=\"noopener\">Se hele v\u00e5rt utvalg her<\/a><\/p>\n\t\t\t\t\t\t\t\t<\/div>\n\t\t\t\t<\/div>\n\t\t\t\t<div class=\"elementor-element elementor-element-1ca856c6 elementor-widget elementor-widget-spacer\" data-id=\"1ca856c6\" data-element_type=\"widget\" data-e-type=\"widget\" data-widget_type=\"spacer.default\">\n\t\t\t\t<div class=\"elementor-widget-container\">\n\t\t\t\t\t\t\t<div class=\"elementor-spacer\">\n\t\t\t<div class=\"elementor-spacer-inner\"><\/div>\n\t\t<\/div>\n\t\t\t\t\t\t<\/div>\n\t\t\t\t<\/div>\n\t\t\t\t\t<\/div>\n\t\t<\/div>\n\t\t\t\t\t<\/div>\n\t\t<\/section>\n\t\t\t\t<\/div>\n\t\t","protected":false},"excerpt":{"rendered":"<p>Reton-serien Reton-serien inneholder ventilasjonsprodukter som er tilpasset v\u00e5rt nordiske klima. Med v\u00e5re produkter kan du p\u00e5 egenh\u00e5nd f\u00e5 en velfungerende ventilasjon i hjemmet. Sortimentet inkluderer vifter, ventiler, luftdon, rister og slanger. Sunne v\u00e5trom med vifter Det er behov for god ventilasjon i bad og v\u00e5trom for effektivt\u00e5 hindre fuktskader og muggsopp. Frisk luft i hjemmet [&hellip;]<\/p>\n","protected":false},"author":1,"featured_media":0,"parent":0,"menu_order":0,"comment_status":"closed","ping_status":"closed","template":"","meta":{"_acf_changed":false,"_exactmetrics_skip_tracking":false,"_exactmetrics_sitenote_active":false,"_exactmetrics_sitenote_note":"","_exactmetrics_sitenote_category":0,"footnotes":""},"class_list":["post-338","page","type-page","status-publish","hentry"],"acf":[],"_links":{"self":[{"href":"https:\/\/reton.se\/no\/wp-json\/wp\/v2\/pages\/338","targetHints":{"allow":["GET"]}}],"collection":[{"href":"https:\/\/reton.se\/no\/wp-json\/wp\/v2\/pages"}],"about":[{"href":"https:\/\/reton.se\/no\/wp-json\/wp\/v2\/types\/page"}],"author":[{"embeddable":true,"href":"https:\/\/reton.se\/no\/wp-json\/wp\/v2\/users\/1"}],"replies":[{"embeddable":true,"href":"https:\/\/reton.se\/no\/wp-json\/wp\/v2\/comments?post=338"}],"version-history":[{"count":10,"href":"https:\/\/reton.se\/no\/wp-json\/wp\/v2\/pages\/338\/revisions"}],"predecessor-version":[{"id":1554,"href":"https:\/\/reton.se\/no\/wp-json\/wp\/v2\/pages\/338\/revisions\/1554"}],"wp:attachment":[{"href":"https:\/\/reton.se\/no\/wp-json\/wp\/v2\/media?parent=338"}],"curies":[{"name":"wp","href":"https:\/\/api.w.org\/{rel}","templated":true}]}}