{"id":340,"date":"2022-04-01T10:14:49","date_gmt":"2022-04-01T08:14:49","guid":{"rendered":"https:\/\/reton.se\/om-oss\/"},"modified":"2024-07-01T09:40:00","modified_gmt":"2024-07-01T07:40:00","slug":"om-oss","status":"publish","type":"page","link":"https:\/\/reton.se\/no\/om-oss\/","title":{"rendered":"Om oss"},"content":{"rendered":"\t\t<div data-elementor-type=\"wp-page\" data-elementor-id=\"340\" class=\"elementor elementor-340 elementor-167\" data-elementor-post-type=\"page\">\n\t\t\t\t\t\t<section class=\"elementor-section elementor-top-section elementor-element elementor-element-7cb271f0 elementor-section-boxed elementor-section-height-default elementor-section-height-default\" data-id=\"7cb271f0\" data-element_type=\"section\" data-e-type=\"section\">\n\t\t\t\t\t\t<div class=\"elementor-container elementor-column-gap-default\">\n\t\t\t\t\t<div class=\"elementor-column elementor-col-100 elementor-top-column elementor-element elementor-element-69155ba9\" data-id=\"69155ba9\" data-element_type=\"column\" data-e-type=\"column\">\n\t\t\t<div class=\"elementor-widget-wrap elementor-element-populated\">\n\t\t\t\t\t\t<div class=\"elementor-element elementor-element-1e2d1e06 elementor-widget elementor-widget-spacer\" data-id=\"1e2d1e06\" data-element_type=\"widget\" data-e-type=\"widget\" data-widget_type=\"spacer.default\">\n\t\t\t\t<div class=\"elementor-widget-container\">\n\t\t\t\t\t\t\t<div class=\"elementor-spacer\">\n\t\t\t<div class=\"elementor-spacer-inner\"><\/div>\n\t\t<\/div>\n\t\t\t\t\t\t<\/div>\n\t\t\t\t<\/div>\n\t\t\t\t<div class=\"elementor-element elementor-element-7f0558c7 elementor-widget elementor-widget-heading\" data-id=\"7f0558c7\" data-element_type=\"widget\" data-e-type=\"widget\" data-widget_type=\"heading.default\">\n\t\t\t\t<div class=\"elementor-widget-container\">\n\t\t\t\t\t<h2 class=\"elementor-heading-title elementor-size-default\">Reton - et sunnere inneklima<\/h2>\t\t\t\t<\/div>\n\t\t\t\t<\/div>\n\t\t\t\t<div class=\"elementor-element elementor-element-47016067 elementor-widget elementor-widget-text-editor\" data-id=\"47016067\" data-element_type=\"widget\" data-e-type=\"widget\" data-widget_type=\"text-editor.default\">\n\t\t\t\t<div class=\"elementor-widget-container\">\n\t\t\t\t\t\t\t\t\t<p><span data-contrast=\"auto\">Reton er et svensk merke som tilbyr ventilasjonsprodukter for et sunnere inneklima i hjemmet ditt.<\/span><span data-ccp-props=\"{\"> <\/span><\/p>\n<p><b><span data-contrast=\"auto\">Svenskprodusert ventilasjon<\/span><\/b> <br \/><span data-contrast=\"auto\">Reton er grunnlagt og fortsatt aktiv i Sm\u00e5land. V\u00e5rt sortiment best\u00e5r av alt du trenger for \u00e5 f\u00e5 en velfungerende ventilasjon og et sunt innend\u00f8rsklima hjemme. Fra effektive baderomsvifter, til ventiler som hjelper deg med \u00e5 f\u00e5 inn frisk luft i boligen. <\/span><span data-ccp-props=\"{\"> <\/span><\/p>\n<p><span data-contrast=\"auto\">Alle skal ha r\u00e5d til god ventilasjon, derfor tilbyr vi rimelige produkter av h\u00f8y kvalitet.<\/span><span data-ccp-props=\"{\"> <\/span><\/p>\n<p><b><span data-contrast=\"auto\">Volution Sweden AB<\/span><\/b> <br \/><span data-contrast=\"auto\">Reton er en del av en sterk merkevareportef\u00f8lje som tilh\u00f8rer Volution Sweden AB, Nordens markedsledende produsent av ventilasjonsprodukter. Volution Sweden AB har en geografisk spredning i Europa, Asia og Nord- og S\u00f8r-Amerika. V\u00e5rt hovedkontor ligger i V\u00e4xj\u00f6.<\/span><span data-ccp-props=\"{\"> <\/span><\/p>\n\t\t\t\t\t\t\t\t<\/div>\n\t\t\t\t<\/div>\n\t\t\t\t\t<\/div>\n\t\t<\/div>\n\t\t\t\t\t<\/div>\n\t\t<\/section>\n\t\t\t\t<section class=\"elementor-section elementor-top-section elementor-element elementor-element-fed20ee elementor-section-boxed elementor-section-height-default elementor-section-height-default\" data-id=\"fed20ee\" data-element_type=\"section\" data-e-type=\"section\">\n\t\t\t\t\t\t<div class=\"elementor-container elementor-column-gap-default\">\n\t\t\t\t\t<div class=\"elementor-column elementor-col-100 elementor-top-column elementor-element elementor-element-035d4ff\" data-id=\"035d4ff\" data-element_type=\"column\" data-e-type=\"column\">\n\t\t\t<div class=\"elementor-widget-wrap elementor-element-populated\">\n\t\t\t\t\t\t<div class=\"elementor-element elementor-element-e6d827f elementor-widget-divider--view-line elementor-widget elementor-widget-divider\" data-id=\"e6d827f\" data-element_type=\"widget\" data-e-type=\"widget\" data-widget_type=\"divider.default\">\n\t\t\t\t<div class=\"elementor-widget-container\">\n\t\t\t\t\t\t\t<div class=\"elementor-divider\">\n\t\t\t<span class=\"elementor-divider-separator\">\n\t\t\t\t\t\t<\/span>\n\t\t<\/div>\n\t\t\t\t\t\t<\/div>\n\t\t\t\t<\/div>\n\t\t\t\t<div class=\"elementor-element elementor-element-9e6fffb elementor-widget elementor-widget-text-editor\" data-id=\"9e6fffb\" data-element_type=\"widget\" data-e-type=\"widget\" data-widget_type=\"text-editor.default\">\n\t\t\t\t<div class=\"elementor-widget-container\">\n\t\t\t\t\t\t\t\t\t<p><strong>Varsling<\/strong> <\/p>\n<p>En ekstern person som med rimelig grunn mener at upassende forretningsatferd eller et lovbrudd finner sted eller har funnet sted, b\u00f8r i f\u00f8rste omgang ta opp saken skriftlig med sin kontaktperson hos Volution. En ekstern person har imidlertid ogs\u00e5 mulighet til \u00e5 rapportere bekymringer anonymt gjennom Volution Speak Up-kanalen &#8211; med henvisning til &#8220;Volution&#8221;.<\/p>\n<p>Volution Speak Up-kanalen finnes i Volution Group Code of Conduct &amp; Whistleblowing policy p\u00e5 <a href=\"https:\/\/www.volutiongroupplc.com\/sustainability\/policies\/\"><strong>Volution Group Code of Conduct &amp; Whistleblowing policy<\/strong><\/a><\/p>\n\t\t\t\t\t\t\t\t<\/div>\n\t\t\t\t<\/div>\n\t\t\t\t<section class=\"elementor-section elementor-inner-section elementor-element elementor-element-33cd92a elementor-section-boxed elementor-section-height-default elementor-section-height-default\" data-id=\"33cd92a\" data-element_type=\"section\" data-e-type=\"section\">\n\t\t\t\t\t\t<div class=\"elementor-container elementor-column-gap-default\">\n\t\t\t\t\t<div class=\"elementor-column elementor-col-50 elementor-inner-column elementor-element elementor-element-0f10218\" data-id=\"0f10218\" data-element_type=\"column\" data-e-type=\"column\">\n\t\t\t<div class=\"elementor-widget-wrap\">\n\t\t\t\t\t\t\t<\/div>\n\t\t<\/div>\n\t\t\t\t<div class=\"elementor-column elementor-col-50 elementor-inner-column elementor-element elementor-element-6f82b57\" data-id=\"6f82b57\" data-element_type=\"column\" data-e-type=\"column\">\n\t\t\t<div class=\"elementor-widget-wrap\">\n\t\t\t\t\t\t\t<\/div>\n\t\t<\/div>\n\t\t\t\t\t<\/div>\n\t\t<\/section>\n\t\t\t\t\t<\/div>\n\t\t<\/div>\n\t\t\t\t\t<\/div>\n\t\t<\/section>\n\t\t\t\t<section class=\"elementor-section elementor-top-section elementor-element elementor-element-72de4c5 elementor-section-boxed elementor-section-height-default elementor-section-height-default\" data-id=\"72de4c5\" data-element_type=\"section\" data-e-type=\"section\">\n\t\t\t\t\t\t<div class=\"elementor-container elementor-column-gap-default\">\n\t\t\t\t\t<div class=\"elementor-column elementor-col-100 elementor-top-column elementor-element elementor-element-2f45d98\" data-id=\"2f45d98\" data-element_type=\"column\" data-e-type=\"column\">\n\t\t\t<div class=\"elementor-widget-wrap elementor-element-populated\">\n\t\t\t\t\t\t<div class=\"elementor-element elementor-element-eb065f6 elementor-widget-divider--view-line elementor-widget elementor-widget-divider\" data-id=\"eb065f6\" data-element_type=\"widget\" data-e-type=\"widget\" data-widget_type=\"divider.default\">\n\t\t\t\t<div class=\"elementor-widget-container\">\n\t\t\t\t\t\t\t<div class=\"elementor-divider\">\n\t\t\t<span class=\"elementor-divider-separator\">\n\t\t\t\t\t\t<\/span>\n\t\t<\/div>\n\t\t\t\t\t\t<\/div>\n\t\t\t\t<\/div>\n\t\t\t\t<div class=\"elementor-element elementor-element-036eb18 elementor-widget elementor-widget-text-editor\" data-id=\"036eb18\" data-element_type=\"widget\" data-e-type=\"widget\" data-widget_type=\"text-editor.default\">\n\t\t\t\t<div class=\"elementor-widget-container\">\n\t\t\t\t\t\t\t\t\t<p><strong>Garanti &#8211; vi stiller h\u00f8ye krav til kvalitet<\/strong><\/p>\n<p>Reton stiller h\u00f8ye krav til kvalitet. Garantiene v\u00e5re sikrer at du som kunde skal f\u00f8le deg trygg p\u00e5 kvaliteten og holdbarheten til produktene v\u00e5re. For \u00e5 leve opp til Retons h\u00f8ye standarder blir alle produktene v\u00e5re n\u00f8ye testet og kvalitetskontrollert f\u00f8r de sendes ut.<\/p>\n<p><strong>Garantivilk\u00e5r<\/strong><\/p>\n<p>Selger er ansvarlig for mangler ved produktet som vises innen 2 \u00e5r fra varen er levert, hvis ikke annet fremg\u00e5r av garantivilk\u00e5rene som er gitt. Noen produkter har en utvidet garanti \u2013 dette angis for de aktuelle produktene. Garantien gjelder kun for selve produktet (produktgaranti).<\/p>\n<p>Selger er ikke ansvarlig for forhold som skyldes feil montering eller installasjon, manglende eller feil vedlikehold, feilbruk, unormal bruk eller annet som kan tilskrives brukeren (se bruksanvisningen). Reparasjoner som utf\u00f8res uten selgerens samtykke i garantiperioden, omfattes ikke av garantien.<\/p>\n<p>Selgers ansvar omfatter heller ikke normal slitasje eller forringelse. Kj\u00f8per plikter \u00e5 f\u00f8lge opp og dokumentere avtalte vedlikeholdstiltak.<\/p>\n<p>Dersom det skulle vise seg at varen har mangler som fremkommer etter den angitte fristen, er selger kun ansvarlig dersom mangelen er av vesentlig art, og viser seg \u00e5 skyldes uaktsomhet fra selgers side. For det oppgitte ansvaret gjelder den generelle lovbestemte foreldelsesfristen fra dagen varene leveres. Produkter det er reklamert p\u00e5, m\u00e5 kunne stilles til r\u00e5dighet for unders\u00f8kelser av selger. Dersom kj\u00f8per reklamerer p\u00e5 et produkt, og det viser seg at det ikke foreligger noen mangler som selger er ansvarlig for, og hvis kj\u00f8per burde ha innsett dette, har selger krav p\u00e5 rimelig kompensasjon for p\u00e5l\u00f8pte kostnader.<\/p>\n<p>Selger skal uten ugrunnet opphold etter reklamasjonen, uten ekstra kostnad for kj\u00f8per, avhjelpe mangelen med et erstatningsprodukt. Selger er ikke ansvarlig for mangler eller skader utover det som er angitt ovenfor. Inkludert alle eventuelle f\u00f8lgetap fra mangelen eller skaden, for eksempel produksjonstap, tap av fortjeneste og andre \u00f8konomiske tap.<\/p>\n<p>Alle reklamasjoner skal rettes til stedet der produktet er kj\u00f8pt, med fremvisning av kvittering.<\/p>\n<p>Med \u00abgarantiene\u00bb mener vi selgers garantier \u2013 andre parter i salgskjeden kan tilby mer omfattende garantier. Kontakt den aktuelle parten med eventuelle krav knyttet til slike utvidede garantier.<\/p>\n<p>Med forbehold om trykkfeil og retten til \u00e5 gj\u00f8re endringer i materialer og konstruksjon.<\/p>\n<p>GARANTIVILLKOR er gyldige fra og med 25. april 2024.<\/p>\n\t\t\t\t\t\t\t\t<\/div>\n\t\t\t\t<\/div>\n\t\t\t\t<section class=\"elementor-section elementor-inner-section elementor-element elementor-element-e6d1481 elementor-section-boxed elementor-section-height-default elementor-section-height-default\" data-id=\"e6d1481\" data-element_type=\"section\" data-e-type=\"section\">\n\t\t\t\t\t\t<div class=\"elementor-container elementor-column-gap-default\">\n\t\t\t\t\t<div class=\"elementor-column elementor-col-50 elementor-inner-column elementor-element elementor-element-ac40f89\" data-id=\"ac40f89\" data-element_type=\"column\" data-e-type=\"column\">\n\t\t\t<div class=\"elementor-widget-wrap\">\n\t\t\t\t\t\t\t<\/div>\n\t\t<\/div>\n\t\t\t\t<div class=\"elementor-column elementor-col-50 elementor-inner-column elementor-element elementor-element-09e5d08\" data-id=\"09e5d08\" data-element_type=\"column\" data-e-type=\"column\">\n\t\t\t<div class=\"elementor-widget-wrap\">\n\t\t\t\t\t\t\t<\/div>\n\t\t<\/div>\n\t\t\t\t\t<\/div>\n\t\t<\/section>\n\t\t\t\t\t<\/div>\n\t\t<\/div>\n\t\t\t\t\t<\/div>\n\t\t<\/section>\n\t\t\t\t<\/div>\n\t\t","protected":false},"excerpt":{"rendered":"<p>Reton &#8211; et sunnere inneklima Reton er et svensk merke som tilbyr ventilasjonsprodukter for et sunnere inneklima i hjemmet ditt. Svenskprodusert ventilasjon Reton er grunnlagt og fortsatt aktiv i Sm\u00e5land. V\u00e5rt sortiment best\u00e5r av alt du trenger for \u00e5 f\u00e5 en velfungerende ventilasjon og et sunt innend\u00f8rsklima hjemme. Fra effektive baderomsvifter, til ventiler som hjelper [&hellip;]<\/p>\n","protected":false},"author":1,"featured_media":0,"parent":0,"menu_order":0,"comment_status":"closed","ping_status":"closed","template":"elementor_header_footer","meta":{"_acf_changed":false,"_exactmetrics_skip_tracking":false,"_exactmetrics_sitenote_active":false,"_exactmetrics_sitenote_note":"","_exactmetrics_sitenote_category":0,"footnotes":""},"class_list":["post-340","page","type-page","status-publish","hentry"],"acf":[],"_links":{"self":[{"href":"https:\/\/reton.se\/no\/wp-json\/wp\/v2\/pages\/340","targetHints":{"allow":["GET"]}}],"collection":[{"href":"https:\/\/reton.se\/no\/wp-json\/wp\/v2\/pages"}],"about":[{"href":"https:\/\/reton.se\/no\/wp-json\/wp\/v2\/types\/page"}],"author":[{"embeddable":true,"href":"https:\/\/reton.se\/no\/wp-json\/wp\/v2\/users\/1"}],"replies":[{"embeddable":true,"href":"https:\/\/reton.se\/no\/wp-json\/wp\/v2\/comments?post=340"}],"version-history":[{"count":4,"href":"https:\/\/reton.se\/no\/wp-json\/wp\/v2\/pages\/340\/revisions"}],"predecessor-version":[{"id":1451,"href":"https:\/\/reton.se\/no\/wp-json\/wp\/v2\/pages\/340\/revisions\/1451"}],"wp:attachment":[{"href":"https:\/\/reton.se\/no\/wp-json\/wp\/v2\/media?parent=340"}],"curies":[{"name":"wp","href":"https:\/\/api.w.org\/{rel}","templated":true}]}}