{"id":342,"date":"2022-04-01T10:17:11","date_gmt":"2022-04-01T08:17:11","guid":{"rendered":"https:\/\/reton.se\/cookies\/"},"modified":"2022-04-01T10:17:12","modified_gmt":"2022-04-01T08:17:12","slug":"cookies","status":"publish","type":"page","link":"https:\/\/reton.se\/no\/cookies\/","title":{"rendered":"Cookies"},"content":{"rendered":"\t\t<div data-elementor-type=\"wp-page\" data-elementor-id=\"342\" class=\"elementor elementor-342 elementor-161\" data-elementor-post-type=\"page\">\n\t\t\t\t\t\t<section class=\"elementor-section elementor-top-section elementor-element elementor-element-292d2157 elementor-section-boxed elementor-section-height-default elementor-section-height-default\" data-id=\"292d2157\" data-element_type=\"section\" data-e-type=\"section\">\n\t\t\t\t\t\t<div class=\"elementor-container elementor-column-gap-default\">\n\t\t\t\t\t<div class=\"elementor-column elementor-col-100 elementor-top-column elementor-element elementor-element-7a3e5c25\" data-id=\"7a3e5c25\" data-element_type=\"column\" data-e-type=\"column\">\n\t\t\t<div class=\"elementor-widget-wrap elementor-element-populated\">\n\t\t\t\t\t\t<div class=\"elementor-element elementor-element-5e314219 elementor-widget elementor-widget-spacer\" data-id=\"5e314219\" data-element_type=\"widget\" data-e-type=\"widget\" data-widget_type=\"spacer.default\">\n\t\t\t\t<div class=\"elementor-widget-container\">\n\t\t\t\t\t\t\t<div class=\"elementor-spacer\">\n\t\t\t<div class=\"elementor-spacer-inner\"><\/div>\n\t\t<\/div>\n\t\t\t\t\t\t<\/div>\n\t\t\t\t<\/div>\n\t\t\t\t<div class=\"elementor-element elementor-element-44211aa8 elementor-widget elementor-widget-heading\" data-id=\"44211aa8\" data-element_type=\"widget\" data-e-type=\"widget\" data-widget_type=\"heading.default\">\n\t\t\t\t<div class=\"elementor-widget-container\">\n\t\t\t\t\t<h2 class=\"elementor-heading-title elementor-size-default\">Cookies<\/h2>\t\t\t\t<\/div>\n\t\t\t\t<\/div>\n\t\t\t\t<div class=\"elementor-element elementor-element-62f8b658 elementor-widget elementor-widget-text-editor\" data-id=\"62f8b658\" data-element_type=\"widget\" data-e-type=\"widget\" data-widget_type=\"text-editor.default\">\n\t\t\t\t<div class=\"elementor-widget-container\">\n\t\t\t\t\t\t\t\t\t<h5>Denne nettsiden inneholder cookies<\/h5>\n<p>Denne nettsiden inneholder cookies. Vi lagrer ikke personlig informasjon via cookies og informasjonen om deg som bes\u00f8kende kan ikke spores av oss via cookies. Nettstedet bruker en s\u00e5kalt session cookie: ASP.NET_SessionId. Cookien brukes til \u00e5 administrere passordbeskyttede sider.   <\/p>\n<p><strong>Informasjon om cookies<\/strong><\/p>\n<p>En cookie er en liten tekstfil som sendes fra v\u00e5r nettserver og som lagres av nettleseren din. Det finnes to typercookies, \u00abvanlige\u00bb cookien og session cookie. Session cookie forsvinner n\u00e5r du lukker nettleseren og lagres derfor ikke, mens vanlige cookies lagres p\u00e5 datamaskinen din over lengre tid.<\/p>\n<p><strong>P\u00e5 denne m\u00e5ten kan du unng\u00e5 cookies<\/strong><\/p>\n<p>Hvis du ikke \u00f8nsker \u00e5 akseptere cookies, kan nettleseren din settes slik at du automatisk nekter \u00e5 lagre cookies eller blir informert hver gang et nettsted ber om \u00e5 lagre en cookie. Tidligere lagrede cookies kan ogs\u00e5 slettes gjennom nettleseren. Se nettleserens hjelpesider for mer informasjon. Du kan ogs\u00e5 slette cookies manuelt fra harddisken n\u00e5r som helst. Hvis du velger \u00e5 ikke akseptere cookies, kan enkelte funksjoner fortsatt brukes, men du kan begrense funksjonaliteten til enkelte nettsteder.<\/p>\n\t\t\t\t\t\t\t\t<\/div>\n\t\t\t\t<\/div>\n\t\t\t\t\t<\/div>\n\t\t<\/div>\n\t\t\t\t\t<\/div>\n\t\t<\/section>\n\t\t\t\t<section class=\"elementor-section elementor-top-section elementor-element elementor-element-df33684 elementor-section-boxed elementor-section-height-default elementor-section-height-default\" data-id=\"df33684\" data-element_type=\"section\" data-e-type=\"section\">\n\t\t\t\t\t\t<div class=\"elementor-container elementor-column-gap-default\">\n\t\t\t\t\t<div class=\"elementor-column elementor-col-100 elementor-top-column elementor-element elementor-element-4854a3d\" data-id=\"4854a3d\" data-element_type=\"column\" data-e-type=\"column\">\n\t\t\t<div class=\"elementor-widget-wrap elementor-element-populated\">\n\t\t\t\t\t\t<div class=\"elementor-element elementor-element-8e11ce5 elementor-widget elementor-widget-spacer\" data-id=\"8e11ce5\" data-element_type=\"widget\" data-e-type=\"widget\" data-widget_type=\"spacer.default\">\n\t\t\t\t<div class=\"elementor-widget-container\">\n\t\t\t\t\t\t\t<div class=\"elementor-spacer\">\n\t\t\t<div class=\"elementor-spacer-inner\"><\/div>\n\t\t<\/div>\n\t\t\t\t\t\t<\/div>\n\t\t\t\t<\/div>\n\t\t\t\t\t<\/div>\n\t\t<\/div>\n\t\t\t\t\t<\/div>\n\t\t<\/section>\n\t\t\t\t<\/div>\n\t\t","protected":false},"excerpt":{"rendered":"<p>Cookies Denne nettsiden inneholder cookies Denne nettsiden inneholder cookies. Vi lagrer ikke personlig informasjon via cookies og informasjonen om deg som bes\u00f8kende kan ikke spores av oss via cookies. Nettstedet bruker en s\u00e5kalt session cookie: ASP.NET_SessionId. Cookien brukes til \u00e5 administrere passordbeskyttede sider. Informasjon om cookies En cookie er en liten tekstfil som sendes fra [&hellip;]<\/p>\n","protected":false},"author":1,"featured_media":0,"parent":0,"menu_order":0,"comment_status":"closed","ping_status":"closed","template":"","meta":{"_acf_changed":false,"_exactmetrics_skip_tracking":false,"_exactmetrics_sitenote_active":false,"_exactmetrics_sitenote_note":"","_exactmetrics_sitenote_category":0,"footnotes":""},"class_list":["post-342","page","type-page","status-publish","hentry"],"acf":[],"_links":{"self":[{"href":"https:\/\/reton.se\/no\/wp-json\/wp\/v2\/pages\/342","targetHints":{"allow":["GET"]}}],"collection":[{"href":"https:\/\/reton.se\/no\/wp-json\/wp\/v2\/pages"}],"about":[{"href":"https:\/\/reton.se\/no\/wp-json\/wp\/v2\/types\/page"}],"author":[{"embeddable":true,"href":"https:\/\/reton.se\/no\/wp-json\/wp\/v2\/users\/1"}],"replies":[{"embeddable":true,"href":"https:\/\/reton.se\/no\/wp-json\/wp\/v2\/comments?post=342"}],"version-history":[{"count":1,"href":"https:\/\/reton.se\/no\/wp-json\/wp\/v2\/pages\/342\/revisions"}],"predecessor-version":[{"id":343,"href":"https:\/\/reton.se\/no\/wp-json\/wp\/v2\/pages\/342\/revisions\/343"}],"wp:attachment":[{"href":"https:\/\/reton.se\/no\/wp-json\/wp\/v2\/media?parent=342"}],"curies":[{"name":"wp","href":"https:\/\/api.w.org\/{rel}","templated":true}]}}